{"id":1923,"date":"2022-10-03T18:53:00","date_gmt":"2022-10-03T16:53:00","guid":{"rendered":"https:\/\/supermatic.ch\/produkt\/50ml-pet-flasche-m0508\/"},"modified":"2023-11-23T18:14:02","modified_gmt":"2023-11-23T16:14:02","slug":"50ml-glas-flasche-m0508","status":"publish","type":"product","link":"https:\/\/supermatic.ch\/it\/produkte\/flaschen\/50ml-glas-flasche-m0508\/","title":{"rendered":"Bottiglia di vetro da 50 ml"},"content":{"rendered":"<p>Altezza: 97,5 mm<br \/>\nLunghezza: 46 mm<br \/>\nLarghezza: 25 mm<\/p>\n<p>Forma: rettangolare<\/p>\n<p>Bottiglia di vetro piccola (miniatura di vetro) per il riempimento di bevande alcoliche e analcoliche, prodotti farmaceutici e alimentari.<\/p>\n<p><strong>Imballaggio:<br \/>\n<\/strong>Quantit\u00e0 di strati: 816 pezzi.<br \/>\nQuantit\u00e0 di pallet: 8160 pezzi.<br \/>\nPalettenabmessungen: 1200x800x1135mm<br \/>\nPeso del pallet: 630 kg<\/p>","protected":false},"excerpt":{"rendered":"<p>H\u00f6he: 97.5mm L\u00e4nge: 46mm Breite: 25mm Form: rechteckig Kleine Glasflasche (Glasminiatur) f\u00fcr das Abf\u00fcllen von alkoholischen [&hellip;]<\/p>\n","protected":false},"featured_media":2761,"comment_status":"open","ping_status":"closed","template":"","meta":[],"product_brand":[],"product_cat":[15,24],"product_tag":[],"class_list":{"0":"post-1923","1":"product","2":"type-product","3":"status-publish","4":"has-post-thumbnail","6":"product_cat-flaschen","7":"product_cat-lebensmittel","8":"product_shipping_class-5-8-tage-lieferzeit","9":"pa_farbe-transparent","10":"pa_fuellmenge-43","11":"pa_gewinde-pp-18","12":"pa_material-glas","14":"first","15":"instock","16":"taxable","17":"shipping-taxable","18":"purchasable","19":"product-type-simple"},"_links":{"self":[{"href":"https:\/\/supermatic.ch\/it\/wp-json\/wp\/v2\/product\/1923","targetHints":{"allow":["GET"]}}],"collection":[{"href":"https:\/\/supermatic.ch\/it\/wp-json\/wp\/v2\/product"}],"about":[{"href":"https:\/\/supermatic.ch\/it\/wp-json\/wp\/v2\/types\/product"}],"replies":[{"embeddable":true,"href":"https:\/\/supermatic.ch\/it\/wp-json\/wp\/v2\/comments?post=1923"}],"wp:featuredmedia":[{"embeddable":true,"href":"https:\/\/supermatic.ch\/it\/wp-json\/wp\/v2\/media\/2761"}],"wp:attachment":[{"href":"https:\/\/supermatic.ch\/it\/wp-json\/wp\/v2\/media?parent=1923"}],"wp:term":[{"taxonomy":"product_brand","embeddable":true,"href":"https:\/\/supermatic.ch\/it\/wp-json\/wp\/v2\/product_brand?post=1923"},{"taxonomy":"product_cat","embeddable":true,"href":"https:\/\/supermatic.ch\/it\/wp-json\/wp\/v2\/product_cat?post=1923"},{"taxonomy":"product_tag","embeddable":true,"href":"https:\/\/supermatic.ch\/it\/wp-json\/wp\/v2\/product_tag?post=1923"}],"curies":[{"name":"wp","href":"https:\/\/api.w.org\/{rel}","templated":true}]}}