{"id":193,"date":"2022-08-26T13:10:33","date_gmt":"2022-08-26T11:10:33","guid":{"rendered":"https:\/\/supermatic.ch\/?post_type=product&#038;p=193"},"modified":"2024-10-03T12:10:36","modified_gmt":"2024-10-03T10:10:36","slug":"aluminiumverschluss-18-x-12mm-2","status":"publish","type":"product","link":"https:\/\/supermatic.ch\/it\/produkte\/lebensmittel\/aluminiumverschluss-18x12mm-2\/","title":{"rendered":"Chiusura in alluminio - 18 x 12 mm"},"content":{"rendered":"<p>Il tappo in alluminio 18 x 12 mm, realizzato in lega di alluminio, \u00e8 adatto a contenitori con finitura del collo di tipo PP 18. Il tappo contiene anche un inserto di tenuta in EPE per garantire la tenuta.<\/p>\n<p>Particolarmente degna di nota \u00e8 l'opzione di personalizzazione. I clienti possono personalizzare il tappo a vite in alluminio come desiderano, attraverso diverse opzioni di stampa, stampa UV, rilievo superiore o taglio laterale.<\/p>\n<p><strong>Propriet\u00e0:<\/strong><\/p>\n<ul>\n<li>Dimensioni: 18x12 mm<\/li>\n<li>Bocca: PP 18<\/li>\n<li>Materiale: lega di alluminio<\/li>\n<li>Inserto di tenuta: EPE<\/li>\n<\/ul>\n<p><strong>Dettagli sull'imballaggio:<\/strong><\/p>\n<ul>\n<li>Quantit\u00e0\/cartone: 16000pz.<\/li>\n<li>Dimensioni del cartone: 600x400x360 mm<\/li>\n<li>Quantit\u00e0 di pallet: 384000pz.<\/li>\n<li>Dimensioni del pallet: 800x1200x2300 mm<\/li>\n<li>Peso del pallet: 308 kg<\/li>\n<\/ul>","protected":false},"excerpt":{"rendered":"<p>Der Aluminiumverschluss der Gr\u00f6sse 18 x 12mm, hergestellt aus einer Aluminiumlegierung, eignet sich f\u00fcr Beh\u00e4lter mit [&hellip;]<\/p>\n","protected":false},"featured_media":194,"comment_status":"open","ping_status":"closed","template":"","meta":[],"product_brand":[],"product_cat":[24,23],"product_tag":[],"class_list":{"0":"post-193","1":"product","2":"type-product","3":"status-publish","4":"has-post-thumbnail","6":"product_cat-lebensmittel","7":"product_cat-verschluesse","8":"product_shipping_class-1-3-tage-lieferzeit","9":"pa_farbe-rot","10":"pa_farbe-variabel","11":"pa_form-rund","12":"pa_gewinde-pp-18","13":"pa_material-aluminium","15":"first","16":"instock","17":"taxable","18":"shipping-taxable","19":"product-type-simple"},"_links":{"self":[{"href":"https:\/\/supermatic.ch\/it\/wp-json\/wp\/v2\/product\/193","targetHints":{"allow":["GET"]}}],"collection":[{"href":"https:\/\/supermatic.ch\/it\/wp-json\/wp\/v2\/product"}],"about":[{"href":"https:\/\/supermatic.ch\/it\/wp-json\/wp\/v2\/types\/product"}],"replies":[{"embeddable":true,"href":"https:\/\/supermatic.ch\/it\/wp-json\/wp\/v2\/comments?post=193"}],"wp:featuredmedia":[{"embeddable":true,"href":"https:\/\/supermatic.ch\/it\/wp-json\/wp\/v2\/media\/194"}],"wp:attachment":[{"href":"https:\/\/supermatic.ch\/it\/wp-json\/wp\/v2\/media?parent=193"}],"wp:term":[{"taxonomy":"product_brand","embeddable":true,"href":"https:\/\/supermatic.ch\/it\/wp-json\/wp\/v2\/product_brand?post=193"},{"taxonomy":"product_cat","embeddable":true,"href":"https:\/\/supermatic.ch\/it\/wp-json\/wp\/v2\/product_cat?post=193"},{"taxonomy":"product_tag","embeddable":true,"href":"https:\/\/supermatic.ch\/it\/wp-json\/wp\/v2\/product_tag?post=193"}],"curies":[{"name":"wp","href":"https:\/\/api.w.org\/{rel}","templated":true}]}}