{"id":2052,"date":"2022-10-03T18:53:36","date_gmt":"2022-10-03T16:53:36","guid":{"rendered":"https:\/\/supermatic.ch\/produkt\/90ml-runddose-pet-58-400\/"},"modified":"2023-11-23T18:12:52","modified_gmt":"2023-11-23T16:12:52","slug":"90ml-runddose-pet-58-400","status":"publish","type":"product","link":"https:\/\/supermatic.ch\/it\/produkte\/dosen\/90ml-runddose-pet-58-400\/","title":{"rendered":"Lattina rotonda da 90 ml PET 58\/400"},"content":{"rendered":"<p>Tipo 23<br \/>\nColori: trasparente, bianco<br \/>\nDiametro: 59,45 mm<br \/>\nAltezza: 47,50 mm<\/p>\n<p>1 cartone da 500 pezzi.<br \/>\n1 pallet da 8'000 pezzi.<\/p>\n<p>Opzioni di chiusura:<br \/>\nColori: bianco, nero<br \/>\nSuperficie: liscia o scanalata lateralmente<br \/>\nGuarnizione: guarnizione in EPE, rivestimento a induzione<\/p>","protected":false},"excerpt":{"rendered":"<p>Typ 23 Farben: transparent, weiss Durchmesser: 59.45mm H\u00f6he: 47.50mm 1 Karton \u00e0 500St. 1 Palette \u00e0 [&hellip;]<\/p>\n","protected":false},"featured_media":2821,"comment_status":"open","ping_status":"closed","template":"","meta":[],"product_brand":[],"product_cat":[19,25,24],"product_tag":[],"class_list":{"0":"post-2052","1":"product","2":"type-product","3":"status-publish","4":"has-post-thumbnail","6":"product_cat-dosen","7":"product_cat-kosmetik","8":"product_cat-lebensmittel","9":"product_shipping_class-5-8-tage-lieferzeit","10":"pa_farbe-transparent","11":"pa_farbe-weiss","12":"pa_fuellmenge-190","13":"pa_gewinde-58-400","14":"pa_material-pet","16":"first","17":"instock","18":"taxable","19":"shipping-taxable","20":"purchasable","21":"product-type-simple"},"_links":{"self":[{"href":"https:\/\/supermatic.ch\/it\/wp-json\/wp\/v2\/product\/2052","targetHints":{"allow":["GET"]}}],"collection":[{"href":"https:\/\/supermatic.ch\/it\/wp-json\/wp\/v2\/product"}],"about":[{"href":"https:\/\/supermatic.ch\/it\/wp-json\/wp\/v2\/types\/product"}],"replies":[{"embeddable":true,"href":"https:\/\/supermatic.ch\/it\/wp-json\/wp\/v2\/comments?post=2052"}],"wp:featuredmedia":[{"embeddable":true,"href":"https:\/\/supermatic.ch\/it\/wp-json\/wp\/v2\/media\/2821"}],"wp:attachment":[{"href":"https:\/\/supermatic.ch\/it\/wp-json\/wp\/v2\/media?parent=2052"}],"wp:term":[{"taxonomy":"product_brand","embeddable":true,"href":"https:\/\/supermatic.ch\/it\/wp-json\/wp\/v2\/product_brand?post=2052"},{"taxonomy":"product_cat","embeddable":true,"href":"https:\/\/supermatic.ch\/it\/wp-json\/wp\/v2\/product_cat?post=2052"},{"taxonomy":"product_tag","embeddable":true,"href":"https:\/\/supermatic.ch\/it\/wp-json\/wp\/v2\/product_tag?post=2052"}],"curies":[{"name":"wp","href":"https:\/\/api.w.org\/{rel}","templated":true}]}}