{"id":2082,"date":"2022-10-03T18:53:44","date_gmt":"2022-10-03T16:53:44","guid":{"rendered":"https:\/\/supermatic.ch\/produkt\/12liter-belastungskanister-schwarz-mit-rotem-schraubverschluss\/"},"modified":"2026-05-05T09:07:42","modified_gmt":"2026-05-05T07:07:42","slug":"tanica-da-12-litri-nera-con-tappo-a-vite-rosso","status":"publish","type":"product","link":"https:\/\/supermatic.ch\/it\/produkte\/kanister\/12liter-benzinkanister\/","title":{"rendered":"Tanica di benzina da 12L con tappo"},"content":{"rendered":"<h5>Tanica di benzina da 12 litri con tappo<\/h5>\n<p>La nostra tanica di benzina da 12 litri in HD-PE ad alta molecolarit\u00e0 convince per la sua stabilit\u00e0 e durata. Il contenitore \u00e8 dotato di un tappo a vite rosso (SK46), che ha un diametro di 40 mm e consente quindi un facile riempimento.<\/p>\n<p>Molto stabile e durevole, realizzato in HD-PE ad alta concentrazione molecolare.<br \/>\n<strong>Massa<\/strong><br \/>\nLunghezza: 285 mm<br \/>\nLarghezza: 145 mm<br \/>\nAltezza: 355 mm<br \/>\nDiametro dell'apertura di riempimento 40 mm<\/p>\n<p>- Volume del camper: 12,85lt<br \/>\n- Nessuna approvazione da parte delle Nazioni Unite<\/p>\n<p>Tappo a vite rosso SK46<\/p>\n<p>Imballaggio:<br \/>\n15 pezzi per sacchetto,<br \/>\n105 pezzi per pallet<\/p>","protected":false},"excerpt":{"rendered":"<p>12 Liter Benzinkanister mit Verschluss Unser 12 Liter Benzinkanister aus hochmolekularem HD-PE besticht durch seine Stabilit\u00e4t [&hellip;]<\/p>\n","protected":false},"featured_media":2772,"comment_status":"open","ping_status":"closed","template":"","meta":[],"product_brand":[],"product_cat":[18,26],"product_tag":[],"class_list":{"0":"post-2082","1":"product","2":"type-product","3":"status-publish","4":"has-post-thumbnail","6":"product_cat-kanister","7":"product_cat-chemikalien","8":"product_shipping_class-5-8-tage-lieferzeit","9":"pa_farbe-schwarz","10":"pa_form-eckig","11":"pa_fuellmenge-118","12":"pa_material-hd-pe","14":"first","15":"instock","16":"taxable","17":"shipping-taxable","18":"product-type-simple"},"_links":{"self":[{"href":"https:\/\/supermatic.ch\/it\/wp-json\/wp\/v2\/product\/2082","targetHints":{"allow":["GET"]}}],"collection":[{"href":"https:\/\/supermatic.ch\/it\/wp-json\/wp\/v2\/product"}],"about":[{"href":"https:\/\/supermatic.ch\/it\/wp-json\/wp\/v2\/types\/product"}],"replies":[{"embeddable":true,"href":"https:\/\/supermatic.ch\/it\/wp-json\/wp\/v2\/comments?post=2082"}],"wp:featuredmedia":[{"embeddable":true,"href":"https:\/\/supermatic.ch\/it\/wp-json\/wp\/v2\/media\/2772"}],"wp:attachment":[{"href":"https:\/\/supermatic.ch\/it\/wp-json\/wp\/v2\/media?parent=2082"}],"wp:term":[{"taxonomy":"product_brand","embeddable":true,"href":"https:\/\/supermatic.ch\/it\/wp-json\/wp\/v2\/product_brand?post=2082"},{"taxonomy":"product_cat","embeddable":true,"href":"https:\/\/supermatic.ch\/it\/wp-json\/wp\/v2\/product_cat?post=2082"},{"taxonomy":"product_tag","embeddable":true,"href":"https:\/\/supermatic.ch\/it\/wp-json\/wp\/v2\/product_tag?post=2082"}],"curies":[{"name":"wp","href":"https:\/\/api.w.org\/{rel}","templated":true}]}}