{"id":2165,"date":"2022-10-03T18:54:06","date_gmt":"2022-10-03T16:54:06","guid":{"rendered":"https:\/\/supermatic.ch\/produkt\/stand-up-pouch-5lt\/"},"modified":"2023-11-23T18:12:44","modified_gmt":"2023-11-23T16:12:44","slug":"astuccio-stand-up-5lt","status":"publish","type":"product","link":"https:\/\/supermatic.ch\/it\/produkte\/beutel\/stand-up-pouch-5lt\/","title":{"rendered":"Marsupio Stand up 5lt"},"content":{"rendered":"<p>PE trasparente,<br \/>\nBarriera standard,<br \/>\ncon fori di fissaggio,<br \/>\nsacchetto ermetico per garantire la freschezza e la sicurezza del prodotto,<br \/>\nparticolarmente adatto per prodotti cosmetici e chimici,<br \/>\nconservazione salvaspazio,<br \/>\nRiempimento attraverso il beccuccio,<br \/>\nTappo a vite colore naturale con apertura di garanzia,<br \/>\npossono essere completamente svuotati e appiattiti dopo l'uso,<\/p>\n<p>Larghezza (mm): 300 mm,<br \/>\nAltezza (mm): 355 mm,<\/p>\n<p>Stampa su richiesta<\/p>\n<p>1 cartone con 200 pezzi.<\/p>\n<p>1 pallet con 2400 pezzi.<\/p>","protected":false},"excerpt":{"rendered":"<p>PE transparent, Standardbarriere, mit Halte\u00f6ffnungen, luftdichter Beutel f\u00fcr Frische und Produktsicherheit, speziell geeignet f\u00fcr Kosmetik- und [&hellip;]<\/p>\n","protected":false},"featured_media":2685,"comment_status":"open","ping_status":"closed","template":"","meta":[],"product_brand":[],"product_cat":[27,26,25],"product_tag":[],"class_list":{"0":"post-2165","1":"product","2":"type-product","3":"status-publish","4":"has-post-thumbnail","6":"product_cat-beutel","7":"product_cat-chemikalien","8":"product_cat-kosmetik","9":"product_shipping_class-5-8-tage-lieferzeit","10":"pa_farbe-transparent","11":"pa_fuellmenge-132","12":"pa_material-hd-pe","14":"first","15":"instock","16":"taxable","17":"shipping-taxable","18":"purchasable","19":"product-type-variable"},"_links":{"self":[{"href":"https:\/\/supermatic.ch\/it\/wp-json\/wp\/v2\/product\/2165","targetHints":{"allow":["GET"]}}],"collection":[{"href":"https:\/\/supermatic.ch\/it\/wp-json\/wp\/v2\/product"}],"about":[{"href":"https:\/\/supermatic.ch\/it\/wp-json\/wp\/v2\/types\/product"}],"replies":[{"embeddable":true,"href":"https:\/\/supermatic.ch\/it\/wp-json\/wp\/v2\/comments?post=2165"}],"wp:featuredmedia":[{"embeddable":true,"href":"https:\/\/supermatic.ch\/it\/wp-json\/wp\/v2\/media\/2685"}],"wp:attachment":[{"href":"https:\/\/supermatic.ch\/it\/wp-json\/wp\/v2\/media?parent=2165"}],"wp:term":[{"taxonomy":"product_brand","embeddable":true,"href":"https:\/\/supermatic.ch\/it\/wp-json\/wp\/v2\/product_brand?post=2165"},{"taxonomy":"product_cat","embeddable":true,"href":"https:\/\/supermatic.ch\/it\/wp-json\/wp\/v2\/product_cat?post=2165"},{"taxonomy":"product_tag","embeddable":true,"href":"https:\/\/supermatic.ch\/it\/wp-json\/wp\/v2\/product_tag?post=2165"}],"curies":[{"name":"wp","href":"https:\/\/api.w.org\/{rel}","templated":true}]}}