{"id":2419,"date":"2022-10-03T18:55:07","date_gmt":"2022-10-03T16:55:07","guid":{"rendered":"https:\/\/supermatic.ch\/produkt\/500ml-rundflasche-aus-klarglas-pp28\/"},"modified":"2023-11-23T18:11:50","modified_gmt":"2023-11-23T16:11:50","slug":"500ml-round-bottle-of-clear-glass-pp28","status":"publish","type":"product","link":"https:\/\/supermatic.ch\/it\/produkte\/flaschen\/500ml-rundflasche-aus-klarglas-pp28\/","title":{"rendered":"Bottiglia rotonda da 500 ml in vetro trasparente PP28"},"content":{"rendered":"<p>Massa:<br \/>\nAltezza 176,8 mm<br \/>\nDiametro 76,8 mm<br \/>\nAltezza di etichettatura 82,5 mm<br \/>\nVolume del camper 523 ml<\/p>\n<p>1 unit\u00e0 \u00e0 32pz.<br \/>\n1 pallet da 960 pezzi.<\/p>","protected":false},"excerpt":{"rendered":"<p>Masse: H\u00f6he 176.8mm Durchmesser 76.8mm Etikettierh\u00f6he 82.5mm RV-Volumen 523ml 1 Einheit \u00e0 32St. 1 Palette \u00e0 [&hellip;]<\/p>\n","protected":false},"featured_media":3388,"comment_status":"open","ping_status":"closed","template":"","meta":[],"product_brand":[],"product_cat":[15,26,24,55],"product_tag":[],"class_list":{"0":"post-2419","1":"product","2":"type-product","3":"status-publish","4":"has-post-thumbnail","6":"product_cat-flaschen","7":"product_cat-chemikalien","8":"product_cat-lebensmittel","9":"product_cat-nachhaltig","10":"product_shipping_class-5-8-tage-lieferzeit","11":"pa_farbe-transparent","12":"pa_fuellmenge-58","13":"pa_gewinde-pp-28","14":"pa_material-glas","16":"first","17":"instock","18":"taxable","19":"shipping-taxable","20":"purchasable","21":"product-type-simple"},"_links":{"self":[{"href":"https:\/\/supermatic.ch\/it\/wp-json\/wp\/v2\/product\/2419","targetHints":{"allow":["GET"]}}],"collection":[{"href":"https:\/\/supermatic.ch\/it\/wp-json\/wp\/v2\/product"}],"about":[{"href":"https:\/\/supermatic.ch\/it\/wp-json\/wp\/v2\/types\/product"}],"replies":[{"embeddable":true,"href":"https:\/\/supermatic.ch\/it\/wp-json\/wp\/v2\/comments?post=2419"}],"wp:featuredmedia":[{"embeddable":true,"href":"https:\/\/supermatic.ch\/it\/wp-json\/wp\/v2\/media\/3388"}],"wp:attachment":[{"href":"https:\/\/supermatic.ch\/it\/wp-json\/wp\/v2\/media?parent=2419"}],"wp:term":[{"taxonomy":"product_brand","embeddable":true,"href":"https:\/\/supermatic.ch\/it\/wp-json\/wp\/v2\/product_brand?post=2419"},{"taxonomy":"product_cat","embeddable":true,"href":"https:\/\/supermatic.ch\/it\/wp-json\/wp\/v2\/product_cat?post=2419"},{"taxonomy":"product_tag","embeddable":true,"href":"https:\/\/supermatic.ch\/it\/wp-json\/wp\/v2\/product_tag?post=2419"}],"curies":[{"name":"wp","href":"https:\/\/api.w.org\/{rel}","templated":true}]}}