{"id":2470,"date":"2022-10-03T18:55:21","date_gmt":"2022-10-03T16:55:21","guid":{"rendered":"https:\/\/supermatic.ch\/produkt\/lebensmittelflasche-750ml\/"},"modified":"2024-10-03T12:05:40","modified_gmt":"2024-10-03T10:05:40","slug":"bottiglia-per-alimenti-750ml","status":"publish","type":"product","link":"https:\/\/supermatic.ch\/it\/produkte\/flaschen\/lebensmittelflasche-750ml\/","title":{"rendered":"Bottiglia alimentare in latta 750ml"},"content":{"rendered":"<p>Bottiglia per alimenti in latta da 750 ml: una pratica soluzione per conservare bevande e prodotti alimentari come sciroppi, olio, condimenti, salse e aceti. La bottiglia \u00e8 dotata di un collo in plastica.<\/p>\n<p><strong>Propriet\u00e0:<\/strong><\/p>\n<ul>\n<li>Materiale: lamiera con collo di bottiglia in plastica<\/li>\n<li>Campi di applicazione: Bevande alcoliche e analcoliche, sciroppi, oli, condimenti, salse, aceti.<\/li>\n<li>Altezza: 282 mm<\/li>\n<li>Diametro: 67,8 mm<\/li>\n<li>Quantit\u00e0 per pallet: 980 pezzi.<\/li>\n<\/ul>\n<p>Quantit\u00e0 minima ordinabile: Su richiesta<\/p>","protected":false},"excerpt":{"rendered":"<p>750ml Lebensmittelflasche aus Blech: Eine praktische Aufbewahrungsl\u00f6sung f\u00fcr Getr\u00e4nke, Lebensmittelprodukte wie Sirupe, \u00d6l, Dressings, So\u00dfen, Essige. [&hellip;]<\/p>\n","protected":false},"featured_media":2894,"comment_status":"open","ping_status":"closed","template":"","meta":[],"product_brand":[],"product_cat":[15,24],"product_tag":[],"class_list":{"0":"post-2470","1":"product","2":"type-product","3":"status-publish","4":"has-post-thumbnail","6":"product_cat-flaschen","7":"product_cat-lebensmittel","8":"product_shipping_class-1-3-tage-lieferzeit","9":"pa_farbe-silber","10":"pa_fuellmenge-139","11":"pa_gewinde-pp-31-5","12":"pa_material-blech","14":"first","15":"instock","16":"taxable","17":"shipping-taxable","18":"purchasable","19":"product-type-simple"},"_links":{"self":[{"href":"https:\/\/supermatic.ch\/it\/wp-json\/wp\/v2\/product\/2470","targetHints":{"allow":["GET"]}}],"collection":[{"href":"https:\/\/supermatic.ch\/it\/wp-json\/wp\/v2\/product"}],"about":[{"href":"https:\/\/supermatic.ch\/it\/wp-json\/wp\/v2\/types\/product"}],"replies":[{"embeddable":true,"href":"https:\/\/supermatic.ch\/it\/wp-json\/wp\/v2\/comments?post=2470"}],"wp:featuredmedia":[{"embeddable":true,"href":"https:\/\/supermatic.ch\/it\/wp-json\/wp\/v2\/media\/2894"}],"wp:attachment":[{"href":"https:\/\/supermatic.ch\/it\/wp-json\/wp\/v2\/media?parent=2470"}],"wp:term":[{"taxonomy":"product_brand","embeddable":true,"href":"https:\/\/supermatic.ch\/it\/wp-json\/wp\/v2\/product_brand?post=2470"},{"taxonomy":"product_cat","embeddable":true,"href":"https:\/\/supermatic.ch\/it\/wp-json\/wp\/v2\/product_cat?post=2470"},{"taxonomy":"product_tag","embeddable":true,"href":"https:\/\/supermatic.ch\/it\/wp-json\/wp\/v2\/product_tag?post=2470"}],"curies":[{"name":"wp","href":"https:\/\/api.w.org\/{rel}","templated":true}]}}