{"id":2545,"date":"2022-10-03T18:55:39","date_gmt":"2022-10-03T16:55:39","guid":{"rendered":"https:\/\/supermatic.ch\/produkt\/700ml-cles-gpi\/"},"modified":"2024-10-03T12:05:39","modified_gmt":"2024-10-03T10:05:39","slug":"700ml-cles-gpi","status":"publish","type":"product","link":"https:\/\/supermatic.ch\/it\/produkte\/flaschen\/spirituosenflaschen\/700ml-cles-gpi\/","title":{"rendered":"Bottiglia di vetro da 700 ml CLES GPI"},"content":{"rendered":"<p>La bottiglia in vetro CLES GPI da 700 ml \u00e8 sottile e leggermente ovale. Con il suo design elegante e una capacit\u00e0 di riempimento di 700 ml, \u00e8 ideale per diverse bevande. Pesa 600 g ed \u00e8 realizzata in robusto vetro trasparente. Perfetta per liquori o acqua minerale.<\/p>","protected":false},"excerpt":{"rendered":"<p>Die 700ml CLES GPI Glasflasche ist schmal und leicht oval. Mit ihrem eleganten Design und einer [&hellip;]<\/p>\n","protected":false},"featured_media":3181,"comment_status":"open","ping_status":"closed","template":"","meta":[],"product_brand":[],"product_cat":[15,24,55,551],"product_tag":[],"class_list":{"0":"post-2545","1":"product","2":"type-product","3":"status-publish","4":"has-post-thumbnail","6":"product_cat-flaschen","7":"product_cat-lebensmittel","8":"product_cat-nachhaltig","9":"product_cat-spirituosenflaschen","10":"product_shipping_class-5-8-tage-lieferzeit","11":"pa_farbe-transparent","12":"pa_form-rund","13":"pa_fuellmenge-137","14":"pa_gewinde-gpi","15":"pa_material-glas","17":"first","18":"instock","19":"taxable","20":"shipping-taxable","21":"purchasable","22":"product-type-simple"},"_links":{"self":[{"href":"https:\/\/supermatic.ch\/it\/wp-json\/wp\/v2\/product\/2545","targetHints":{"allow":["GET"]}}],"collection":[{"href":"https:\/\/supermatic.ch\/it\/wp-json\/wp\/v2\/product"}],"about":[{"href":"https:\/\/supermatic.ch\/it\/wp-json\/wp\/v2\/types\/product"}],"replies":[{"embeddable":true,"href":"https:\/\/supermatic.ch\/it\/wp-json\/wp\/v2\/comments?post=2545"}],"wp:featuredmedia":[{"embeddable":true,"href":"https:\/\/supermatic.ch\/it\/wp-json\/wp\/v2\/media\/3181"}],"wp:attachment":[{"href":"https:\/\/supermatic.ch\/it\/wp-json\/wp\/v2\/media?parent=2545"}],"wp:term":[{"taxonomy":"product_brand","embeddable":true,"href":"https:\/\/supermatic.ch\/it\/wp-json\/wp\/v2\/product_brand?post=2545"},{"taxonomy":"product_cat","embeddable":true,"href":"https:\/\/supermatic.ch\/it\/wp-json\/wp\/v2\/product_cat?post=2545"},{"taxonomy":"product_tag","embeddable":true,"href":"https:\/\/supermatic.ch\/it\/wp-json\/wp\/v2\/product_tag?post=2545"}],"curies":[{"name":"wp","href":"https:\/\/api.w.org\/{rel}","templated":true}]}}