{"id":2787,"date":"2022-10-05T17:00:48","date_gmt":"2022-10-05T15:00:48","guid":{"rendered":"https:\/\/supermatic.ch\/?post_type=product&#038;p=2787"},"modified":"2025-03-03T10:52:46","modified_gmt":"2025-03-03T08:52:46","slug":"sprayer-opus-spray-jet-28-400","status":"publish","type":"product","link":"https:\/\/supermatic.ch\/it\/produkte\/verschluesse\/sprueher\/sprueher-opus-nebel-strahl-blau\/","title":{"rendered":"Spruzzatore OpUs Spray mist\/jet Blu"},"content":{"rendered":"<p>Lo spruzzatore OpUs nell'accattivante combinazione di colori blu\/bianco\/natura offre una soluzione di alta qualit\u00e0 per diverse applicazioni. La tecnologia di precompressione garantisce un dosaggio preciso in ogni applicazione. \u00c8 ideale per i prodotti che richiedono una distribuzione fine e uniforme. Grazie alla possibilit\u00e0 di regolare il tubo montante in base alle esigenze, questo spruzzatore soddisfa anche requisiti specifici.<\/p>\n<p><strong>Dettagli del prodotto:<\/strong><\/p>\n<ul>\n<li><strong>Modello<\/strong>: OpUs.<\/li>\n<li><strong>Funzione<\/strong>Fornisce sia nebbia che getto nebulizzato.<\/li>\n<li><strong>Combinazione di colori<\/strong>Blu, bianco e natura.<\/li>\n<li><strong>Uscita<\/strong>: 1,3 ml per corsa.<\/li>\n<li><strong>Tecnologia<\/strong>Dotato di precompressione per un dosaggio costante e preciso.<\/li>\n<li><strong>Leva<\/strong>Versione standard.<\/li>\n<\/ul>\n<p><strong>Specifiche del riser:<\/strong><\/p>\n<ul>\n<li><strong>Lunghezza<\/strong>267 mm.<\/li>\n<li><strong>Forma<\/strong>: Curvo.<\/li>\n<li>Nota: i rialzi possono essere tagliati singolarmente alla lunghezza desiderata.<\/li>\n<\/ul>","protected":false},"excerpt":{"rendered":"<p>Der OpUs Spr\u00fcher in der ansprechenden Farbkombination Blau\/Weiss\/Natur bietet eine hochwertige L\u00f6sung f\u00fcr verschiedene Anwendungen. Durch [&hellip;]<\/p>\n","protected":false},"featured_media":206,"comment_status":"open","ping_status":"closed","template":"","meta":[],"product_brand":[],"product_cat":[26,25,302],"product_tag":[],"class_list":{"0":"post-2787","1":"product","2":"type-product","3":"status-publish","4":"has-post-thumbnail","6":"product_cat-chemikalien","7":"product_cat-kosmetik","8":"product_cat-sprueher","9":"product_shipping_class-1-3-tage-lieferzeit","10":"pa_farbe-blau","11":"pa_farbe-weiss","12":"pa_gewinde-28-400","13":"pa_material-pp","15":"first","16":"instock","17":"taxable","18":"shipping-taxable","19":"purchasable","20":"product-type-variable"},"_links":{"self":[{"href":"https:\/\/supermatic.ch\/it\/wp-json\/wp\/v2\/product\/2787","targetHints":{"allow":["GET"]}}],"collection":[{"href":"https:\/\/supermatic.ch\/it\/wp-json\/wp\/v2\/product"}],"about":[{"href":"https:\/\/supermatic.ch\/it\/wp-json\/wp\/v2\/types\/product"}],"replies":[{"embeddable":true,"href":"https:\/\/supermatic.ch\/it\/wp-json\/wp\/v2\/comments?post=2787"}],"wp:featuredmedia":[{"embeddable":true,"href":"https:\/\/supermatic.ch\/it\/wp-json\/wp\/v2\/media\/206"}],"wp:attachment":[{"href":"https:\/\/supermatic.ch\/it\/wp-json\/wp\/v2\/media?parent=2787"}],"wp:term":[{"taxonomy":"product_brand","embeddable":true,"href":"https:\/\/supermatic.ch\/it\/wp-json\/wp\/v2\/product_brand?post=2787"},{"taxonomy":"product_cat","embeddable":true,"href":"https:\/\/supermatic.ch\/it\/wp-json\/wp\/v2\/product_cat?post=2787"},{"taxonomy":"product_tag","embeddable":true,"href":"https:\/\/supermatic.ch\/it\/wp-json\/wp\/v2\/product_tag?post=2787"}],"curies":[{"name":"wp","href":"https:\/\/api.w.org\/{rel}","templated":true}]}}