{"id":3285,"date":"2022-10-25T11:29:27","date_gmt":"2022-10-25T09:29:27","guid":{"rendered":"https:\/\/supermatic.ch\/?post_type=product&#038;p=3285"},"modified":"2024-10-03T12:05:37","modified_gmt":"2024-10-03T10:05:37","slug":"200ml-bottiglia-standard-rosso-marrone-con-manico-in-legno-sughero","status":"publish","type":"product","link":"https:\/\/supermatic.ch\/it\/produkte\/nachhaltig\/200ml-flasche-standard-rot-braun-mit-holzgriffkorken\/","title":{"rendered":"Bottiglia da 200 ml in gres rosso-marrone con manico in legno Sughero"},"content":{"rendered":"<h5><strong>Bottiglia in gres da 200 ml in rosso-marrone<\/strong><\/h5>\n<p>La bottiglia compatta da 200 ml in gres rosso-marrone \u00e8 predestinata a liquori, distillati, succhi e sciroppi. Grazie alla natura resistente del gres, si distingue nettamente dalle tradizionali bottiglie in argilla per le sue propriet\u00e0 pi\u00f9 robuste e durature.<\/p>\n<p><strong>Massa:<\/strong><\/p>\n<ul>\n<li>Altezza: 175 mm<\/li>\n<li>Diametro: 53 mm<\/li>\n<li>Quantit\u00e0 di riempimento: 200 ml<\/li>\n<\/ul>\n<p><strong>Caratteristiche:<\/strong><\/p>\n<ul>\n<li><strong>100% Protezione dalla luce<\/strong>Garantito da una cottura densa a oltre 1230 gradi.<\/li>\n<li><strong>Chiusura<\/strong>Dotato di tappo con manico in legno non verniciato. In alternativa, su richiesta, \u00e8 disponibile un tappo a battente o un tappo a vite (standard 31,5 PP).<\/li>\n<li><strong>Uso versatile<\/strong>Lo smalto interno rende la bottiglia sicura per gli alimenti, resistente agli acidi e agli alcali e utilizzabile in microonde.<\/li>\n<li><strong>Robustezza speciale<\/strong>Il gres \u00e8 molto pi\u00f9 resistente delle bottiglie in argilla pura.<\/li>\n<li><strong>Opzioni di personalizzazione<\/strong>: Su richiesta sono disponibili diverse varianti di colore e opzioni di stampa.<\/li>\n<\/ul>\n<p>Dettagli sull'imballaggio: Le nostre bottiglie vengono consegnate in modo sicuro e nella loro confezione originale su pallet da 100 x 120 cm avvolti in pellicola termoretraibile. Un pallet contiene 2628 bottiglie.<\/p>\n<p>Scoprite i vantaggi della nostra bottiglia da 200 ml in gres rosso-marrone e puntate su qualit\u00e0 e unicit\u00e0!<\/p>","protected":false},"excerpt":{"rendered":"<p>Steinzeug-Flasche 200ml in Rot-Braun Die kompakte 200ml Steinzeug-Flasche in Rot-Braun ist pr\u00e4destiniert f\u00fcr Lik\u00f6re, Spirituosen, S\u00e4fte [&hellip;]<\/p>\n","protected":false},"featured_media":3292,"comment_status":"open","ping_status":"closed","template":"","meta":[],"product_brand":[],"product_cat":[55,15,24],"product_tag":[],"class_list":{"0":"post-3285","1":"product","2":"type-product","3":"status-publish","4":"has-post-thumbnail","6":"product_cat-nachhaltig","7":"product_cat-flaschen","8":"product_cat-lebensmittel","9":"product_shipping_class-5-8-tage-lieferzeit","10":"pa_farbe-braun","11":"pa_farbe-rot","12":"pa_form-rund","13":"pa_fuellmenge-47","14":"pa_material-steinzeug","16":"first","17":"instock","18":"taxable","19":"shipping-taxable","20":"product-type-simple"},"_links":{"self":[{"href":"https:\/\/supermatic.ch\/it\/wp-json\/wp\/v2\/product\/3285","targetHints":{"allow":["GET"]}}],"collection":[{"href":"https:\/\/supermatic.ch\/it\/wp-json\/wp\/v2\/product"}],"about":[{"href":"https:\/\/supermatic.ch\/it\/wp-json\/wp\/v2\/types\/product"}],"replies":[{"embeddable":true,"href":"https:\/\/supermatic.ch\/it\/wp-json\/wp\/v2\/comments?post=3285"}],"wp:featuredmedia":[{"embeddable":true,"href":"https:\/\/supermatic.ch\/it\/wp-json\/wp\/v2\/media\/3292"}],"wp:attachment":[{"href":"https:\/\/supermatic.ch\/it\/wp-json\/wp\/v2\/media?parent=3285"}],"wp:term":[{"taxonomy":"product_brand","embeddable":true,"href":"https:\/\/supermatic.ch\/it\/wp-json\/wp\/v2\/product_brand?post=3285"},{"taxonomy":"product_cat","embeddable":true,"href":"https:\/\/supermatic.ch\/it\/wp-json\/wp\/v2\/product_cat?post=3285"},{"taxonomy":"product_tag","embeddable":true,"href":"https:\/\/supermatic.ch\/it\/wp-json\/wp\/v2\/product_tag?post=3285"}],"curies":[{"name":"wp","href":"https:\/\/api.w.org\/{rel}","templated":true}]}}