{"id":3295,"date":"2022-10-25T11:51:14","date_gmt":"2022-10-25T09:51:14","guid":{"rendered":"https:\/\/supermatic.ch\/?post_type=product&#038;p=3295"},"modified":"2024-10-03T12:05:37","modified_gmt":"2024-10-03T10:05:37","slug":"350ml-bottiglia-standard-rosso-marrone-con-manico-in-legno-sughero","status":"publish","type":"product","link":"https:\/\/supermatic.ch\/it\/produkte\/nachhaltig\/350ml-steinzeug-flasche-rot-braun-mit-korken\/","title":{"rendered":"Bottiglia da 350 ml in gres rosso-marrone con manico in legno Sughero"},"content":{"rendered":"<h5><strong>Bottiglia in gres da 350 ml in rosso-marrone<\/strong><\/h5>\n<p>La nostra bottiglia in gres da 350 ml in rosso-marrone \u00e8 una confezione ideale per liquori, alcolici, succhi e sciroppi. Questo modello convince per il suo carattere robusto, poich\u00e9 il gres \u00e8 pi\u00f9 stabile e durevole rispetto alle tradizionali bottiglie in argilla.<\/p>\n<p><strong>Massa:<\/strong><\/p>\n<ul>\n<li>Altezza: 200 mm<\/li>\n<li>Diametro: 63 mm<\/li>\n<li>Quantit\u00e0 di riempimento: 350 ml<\/li>\n<\/ul>\n<p><strong>Caratteristiche:<\/strong><\/p>\n<ul>\n<li><strong>100% Protezione dalla luce<\/strong>Grazie alla cottura densa a oltre 1230 gradi.<\/li>\n<li><strong>Chiusura<\/strong>Dotato di manico in legno non verniciato. Su richiesta, \u00e8 disponibile anche con tappo a battente o a vite (standard 31,5 PP).<\/li>\n<li><strong>Uso versatile<\/strong>Sicuro per gli alimenti, resistente agli acidi e agli alcali e adatto al microonde grazie allo smalto interno.<\/li>\n<li><strong>Alta qualit\u00e0<\/strong>A differenza delle bottiglie in argilla pura, il gres \u00e8 caratterizzato da una particolare robustezza.<\/li>\n<li><strong>Design individuale<\/strong>Altri colori e opzioni di stampa sono disponibili su richiesta.<\/li>\n<\/ul>\n<p>Dettagli sull'imballaggio: Le bottiglie vengono consegnate nella loro confezione originale su pallet da 100 x 120 cm, avvolti in modo sicuro in pellicola termoretraibile. Ogni pallet contiene 1890 bottiglie.<\/p>\n<p>Lasciatevi convincere dalla qualit\u00e0 e dall'unicit\u00e0 della nostra bottiglia da 350 ml in gres rosso-marrone!<\/p>","protected":false},"excerpt":{"rendered":"<p>Steinzeug-Flasche 350ml in Rot-Braun Unsere 350ml Steinzeug-Flasche in Rot-Braun stellt eine ideale Verpackung f\u00fcr Lik\u00f6re, Spirituosen [&hellip;]<\/p>\n","protected":false},"featured_media":3292,"comment_status":"open","ping_status":"closed","template":"","meta":[],"product_brand":[],"product_cat":[55,15,24],"product_tag":[],"class_list":{"0":"post-3295","1":"product","2":"type-product","3":"status-publish","4":"has-post-thumbnail","6":"product_cat-nachhaltig","7":"product_cat-flaschen","8":"product_cat-lebensmittel","9":"product_shipping_class-5-8-tage-lieferzeit","10":"pa_farbe-braun","11":"pa_farbe-rot","12":"pa_form-rund","13":"pa_form-zylindrisch","14":"pa_fuellmenge-148","15":"pa_material-steinzeug","17":"first","18":"instock","19":"taxable","20":"shipping-taxable","21":"product-type-simple"},"_links":{"self":[{"href":"https:\/\/supermatic.ch\/it\/wp-json\/wp\/v2\/product\/3295","targetHints":{"allow":["GET"]}}],"collection":[{"href":"https:\/\/supermatic.ch\/it\/wp-json\/wp\/v2\/product"}],"about":[{"href":"https:\/\/supermatic.ch\/it\/wp-json\/wp\/v2\/types\/product"}],"replies":[{"embeddable":true,"href":"https:\/\/supermatic.ch\/it\/wp-json\/wp\/v2\/comments?post=3295"}],"wp:featuredmedia":[{"embeddable":true,"href":"https:\/\/supermatic.ch\/it\/wp-json\/wp\/v2\/media\/3292"}],"wp:attachment":[{"href":"https:\/\/supermatic.ch\/it\/wp-json\/wp\/v2\/media?parent=3295"}],"wp:term":[{"taxonomy":"product_brand","embeddable":true,"href":"https:\/\/supermatic.ch\/it\/wp-json\/wp\/v2\/product_brand?post=3295"},{"taxonomy":"product_cat","embeddable":true,"href":"https:\/\/supermatic.ch\/it\/wp-json\/wp\/v2\/product_cat?post=3295"},{"taxonomy":"product_tag","embeddable":true,"href":"https:\/\/supermatic.ch\/it\/wp-json\/wp\/v2\/product_tag?post=3295"}],"curies":[{"name":"wp","href":"https:\/\/api.w.org\/{rel}","templated":true}]}}