{"id":342,"date":"2022-11-01T16:21:57","date_gmt":"2022-11-01T14:21:57","guid":{"rendered":"https:\/\/supermatic.ch\/?post_type=product&#038;p=342"},"modified":"2025-10-24T08:43:02","modified_gmt":"2025-10-24T06:43:02","slug":"1000ml-vierkantflasche-28-400","status":"publish","type":"product","link":"https:\/\/supermatic.ch\/it\/produkte\/flaschen\/1000ml-vierkantflasche-28-400\/","title":{"rendered":"Bottiglia quadrata da 1000 ml naturale, 28\/400"},"content":{"rendered":"<p>La bottiglia quadrata da 1000 ml in HD-PE di colore naturale presenta una graduazione sul lato, grazie alla quale \u00e8 possibile leggere facilmente il contenuto, mentre le scanalature orizzontali di rinforzo offrono maggiore stabilit\u00e0 e presa. \u00c8 particolarmente adatta per applicazioni industriali, come prodotti chimici, detergenti, soluzioni disinfettanti o oli per motori. Pu\u00f2 essere utilizzato anche nei laboratori per miscelare o conservare le soluzioni.<\/p>\n<p>Specifiche:<\/p>\n<ul>\n<li>Materiale: HD-PE<\/li>\n<li>Volume: 1000ml<\/li>\n<li>Dimensione della filettatura: 28\/400<\/li>\n<li>Massa:\n<ul>\n<li>Altezza: 200 mm<\/li>\n<li>Larghezza: 95 mm<\/li>\n<li>Profondit\u00e0: 65 mm<\/li>\n<\/ul>\n<\/li>\n<\/ul>","protected":false},"excerpt":{"rendered":"<p>Die 1000ml Vierkantflasche aus naturfarbenem HD-PE hat eine seitliche Graduierung, dank der sich der Inhalt leicht [&hellip;]<\/p>\n","protected":false},"featured_media":3849,"comment_status":"open","ping_status":"closed","template":"","meta":[],"product_brand":[],"product_cat":[15,26,25],"product_tag":[332,338,336,309,80,335,334,331,330,337],"class_list":{"0":"post-342","1":"product","2":"type-product","3":"status-publish","4":"has-post-thumbnail","6":"product_cat-flaschen","7":"product_cat-chemikalien","8":"product_cat-kosmetik","9":"product_tag-4kant","10":"product_tag-chemie","11":"product_tag-desinfektionsmittel","12":"product_tag-dispenser","13":"product_tag-flasche","14":"product_tag-hd-pe","15":"product_tag-natur","16":"product_tag-reinigungsflasche","17":"product_tag-reinigungsmittel","18":"product_tag-vierkant","19":"product_shipping_class-3-5-tage-lieferzeit","20":"pa_farbe-farblos","21":"pa_form-eckig","22":"pa_fuellmenge-91","23":"pa_gewinde-28-400","24":"pa_material-hd-pe","26":"first","27":"instock","28":"taxable","29":"shipping-taxable","30":"purchasable","31":"product-type-variable"},"_links":{"self":[{"href":"https:\/\/supermatic.ch\/it\/wp-json\/wp\/v2\/product\/342","targetHints":{"allow":["GET"]}}],"collection":[{"href":"https:\/\/supermatic.ch\/it\/wp-json\/wp\/v2\/product"}],"about":[{"href":"https:\/\/supermatic.ch\/it\/wp-json\/wp\/v2\/types\/product"}],"replies":[{"embeddable":true,"href":"https:\/\/supermatic.ch\/it\/wp-json\/wp\/v2\/comments?post=342"}],"wp:featuredmedia":[{"embeddable":true,"href":"https:\/\/supermatic.ch\/it\/wp-json\/wp\/v2\/media\/3849"}],"wp:attachment":[{"href":"https:\/\/supermatic.ch\/it\/wp-json\/wp\/v2\/media?parent=342"}],"wp:term":[{"taxonomy":"product_brand","embeddable":true,"href":"https:\/\/supermatic.ch\/it\/wp-json\/wp\/v2\/product_brand?post=342"},{"taxonomy":"product_cat","embeddable":true,"href":"https:\/\/supermatic.ch\/it\/wp-json\/wp\/v2\/product_cat?post=342"},{"taxonomy":"product_tag","embeddable":true,"href":"https:\/\/supermatic.ch\/it\/wp-json\/wp\/v2\/product_tag?post=342"}],"curies":[{"name":"wp","href":"https:\/\/api.w.org\/{rel}","templated":true}]}}