{"id":363,"date":"2022-09-07T14:33:55","date_gmt":"2022-09-07T12:33:55","guid":{"rendered":"https:\/\/supermatic.ch\/?post_type=product&#038;p=363"},"modified":"2026-05-04T18:51:20","modified_gmt":"2026-05-04T16:51:20","slug":"tappo-a-vite-38mm-filtro-caldo-bianco","status":"publish","type":"product","link":"https:\/\/supermatic.ch\/it\/produkte\/flaschen\/hotfill-flaschen\/schraubverschluss-hotfill-weiss\/","title":{"rendered":"Tappo a vite HOTFILL Bianco 38 mm, con legatura"},"content":{"rendered":"<p>Tappo a vite HOTFILL White: un tappo robusto e sicuro appositamente progettato per <a href=\"https:\/\/supermatic.ch\/it\/bottiglie-per-animali-domestici-da-riempire-a-caldo\/\">Ripieni caldi<\/a>ideale per l'uso ad alte temperature.<\/p>\n<p><strong>Versione: con legatura - il tappo rimane sulla filettatura quando viene aperto (obbligatorio nell'UE dal 07\/2024)<\/strong><\/p>\n<p><strong>Propriet\u00e0:<\/strong><\/p>\n<ul>\n<li>Dimensioni (diametro x altezza): 41x17 mm<\/li>\n<li>Colore: Bianco<\/li>\n<li>Caratteristiche speciali: Dotato di un anello di garanzia per la garanzia di prima apertura<\/li>\n<li>Guarnizione: guarnizione piatta per garantire una tenuta ottimale<\/li>\n<li>Temperatura: adatta a temperature di riempimento fino a 84 gradi<\/li>\n<\/ul>\n<p><strong>Informazioni sulla confezione:<\/strong><\/p>\n<ul>\n<li>Quantit\u00e0 scatola originale: 2500pz.<\/li>\n<\/ul>","protected":false},"excerpt":{"rendered":"<p>Schraubverschluss HOTFILL Weiss: Ein robuster und sicherer Verschluss speziell f\u00fcr Heissabf\u00fcllungen, ideal f\u00fcr den Einsatz bei [&hellip;]<\/p>\n","protected":false},"featured_media":3495,"comment_status":"open","ping_status":"closed","template":"","meta":[],"product_brand":[],"product_cat":[23,543,24],"product_tag":[],"class_list":{"0":"post-363","1":"product","2":"type-product","3":"status-publish","4":"has-post-thumbnail","6":"product_cat-verschluesse","7":"product_cat-hotfill-flaschen","8":"product_cat-lebensmittel","9":"product_shipping_class-1-3-tage-lieferzeit","10":"pa_farbe-weiss","11":"pa_gewinde-38mm-hotfill-2-start","12":"pa_material-pp","14":"first","15":"instock","16":"taxable","17":"shipping-taxable","18":"purchasable","19":"product-type-variable"},"_links":{"self":[{"href":"https:\/\/supermatic.ch\/it\/wp-json\/wp\/v2\/product\/363","targetHints":{"allow":["GET"]}}],"collection":[{"href":"https:\/\/supermatic.ch\/it\/wp-json\/wp\/v2\/product"}],"about":[{"href":"https:\/\/supermatic.ch\/it\/wp-json\/wp\/v2\/types\/product"}],"replies":[{"embeddable":true,"href":"https:\/\/supermatic.ch\/it\/wp-json\/wp\/v2\/comments?post=363"}],"wp:featuredmedia":[{"embeddable":true,"href":"https:\/\/supermatic.ch\/it\/wp-json\/wp\/v2\/media\/3495"}],"wp:attachment":[{"href":"https:\/\/supermatic.ch\/it\/wp-json\/wp\/v2\/media?parent=363"}],"wp:term":[{"taxonomy":"product_brand","embeddable":true,"href":"https:\/\/supermatic.ch\/it\/wp-json\/wp\/v2\/product_brand?post=363"},{"taxonomy":"product_cat","embeddable":true,"href":"https:\/\/supermatic.ch\/it\/wp-json\/wp\/v2\/product_cat?post=363"},{"taxonomy":"product_tag","embeddable":true,"href":"https:\/\/supermatic.ch\/it\/wp-json\/wp\/v2\/product_tag?post=363"}],"curies":[{"name":"wp","href":"https:\/\/api.w.org\/{rel}","templated":true}]}}