{"id":4437,"date":"2023-04-24T15:03:03","date_gmt":"2023-04-24T13:03:03","guid":{"rendered":"https:\/\/supermatic.ch\/?post_type=product&#038;p=4437"},"modified":"2024-10-22T20:43:39","modified_gmt":"2024-10-22T18:43:39","slug":"sacchetto-di-ricarica-da-1000-ml-bianco-4","status":"publish","type":"product","link":"https:\/\/supermatic.ch\/it\/produkte\/beutel\/500ml-nachfuellbeutel-kraftpapier\/","title":{"rendered":"Sacchetto stand-up\/refill da 500 ml Kraft, con tappo nero"},"content":{"rendered":"<p>Materiale Kraft\/nylon\/PE,<br \/>\nForza di superficie,<br \/>\nApertura laterale a 45 gradi,<br \/>\nDiametro di apertura 16 mm,<br \/>\nRiempimento tramite filo,<br \/>\nQuantit\u00e0 di riempimento 500 ml,<br \/>\nSpessore del materiale 160my,<br \/>\nTappo a vite nero con anello di garanzia,<\/p>\n<p>Lunghezza: 210x140 mm + 40 mmx2 (piega inferiore)<\/p>\n<p>Unit\u00e0 di imballaggio: 800 pezzi\/cartone<\/p>\n<p>Scoprite la nostra robusta busta stand-up in Kraft. La busta di ricarica \u00e8 ideale per conservare shampoo, gel doccia, sapone liquido, lozioni, prodotti per la pulizia e altri prodotti liquidi. La chiusura nera con scanalature verticali e anello di garanzia garantisce una manipolazione facile e sicura, ideale per l'uso quotidiano. La superficie Kraft offre inoltre una sensazione molto piacevole e di alta qualit\u00e0.<\/p>\n<p>Che si tratti di uso personale, di ristorazione o di industria, questo sacchetto di ricarica \u00e8 la soluzione perfetta per conservare e ricaricare i prodotti in modo sicuro, igienico ed efficiente. <\/p>\n<p>Grazie al suo peso ridotto, questa borsa \u00e8 un imballaggio ideale con un basso utilizzo di materiale.<\/p>","protected":false},"excerpt":{"rendered":"<p>Material Kraft\/Nylon\/PE, Oberfl\u00e4che Kraft, seitliche \u00d6ffnung 45Grad, \u00d6ffnungsdurchmesser 16mm, Bef\u00fcllung durch Gewinde, F\u00fcllmenge 500ml, Materialst\u00e4rke 160my, [&hellip;]<\/p>\n","protected":false},"featured_media":5034,"comment_status":"open","ping_status":"closed","template":"","meta":[],"product_brand":[],"product_cat":[27,26,25,55],"product_tag":[305,407,411,361,409,408,376,410],"class_list":{"0":"post-4437","1":"product","2":"type-product","3":"status-publish","4":"has-post-thumbnail","6":"product_cat-beutel","7":"product_cat-chemikalien","8":"product_cat-kosmetik","9":"product_cat-nachhaltig","10":"product_tag-500ml","11":"product_tag-beutel","12":"product_tag-braun","13":"product_tag-karton","14":"product_tag-kraft","15":"product_tag-nachfuellbeutel","16":"product_tag-pe","17":"product_tag-refill","18":"product_shipping_class-5-8-tage-lieferzeit","19":"pa_farbe-beige","20":"pa_farbe-braun","21":"pa_fuellmenge-58","22":"pa_material-nylon","24":"first","25":"instock","26":"taxable","27":"shipping-taxable","28":"purchasable","29":"product-type-variable"},"_links":{"self":[{"href":"https:\/\/supermatic.ch\/it\/wp-json\/wp\/v2\/product\/4437","targetHints":{"allow":["GET"]}}],"collection":[{"href":"https:\/\/supermatic.ch\/it\/wp-json\/wp\/v2\/product"}],"about":[{"href":"https:\/\/supermatic.ch\/it\/wp-json\/wp\/v2\/types\/product"}],"replies":[{"embeddable":true,"href":"https:\/\/supermatic.ch\/it\/wp-json\/wp\/v2\/comments?post=4437"}],"wp:featuredmedia":[{"embeddable":true,"href":"https:\/\/supermatic.ch\/it\/wp-json\/wp\/v2\/media\/5034"}],"wp:attachment":[{"href":"https:\/\/supermatic.ch\/it\/wp-json\/wp\/v2\/media?parent=4437"}],"wp:term":[{"taxonomy":"product_brand","embeddable":true,"href":"https:\/\/supermatic.ch\/it\/wp-json\/wp\/v2\/product_brand?post=4437"},{"taxonomy":"product_cat","embeddable":true,"href":"https:\/\/supermatic.ch\/it\/wp-json\/wp\/v2\/product_cat?post=4437"},{"taxonomy":"product_tag","embeddable":true,"href":"https:\/\/supermatic.ch\/it\/wp-json\/wp\/v2\/product_tag?post=4437"}],"curies":[{"name":"wp","href":"https:\/\/api.w.org\/{rel}","templated":true}]}}