{"id":4678,"date":"2023-08-02T08:42:02","date_gmt":"2023-08-02T06:42:02","guid":{"rendered":"https:\/\/supermatic.ch\/?post_type=product&#038;p=4678"},"modified":"2024-10-03T12:00:37","modified_gmt":"2024-10-03T10:00:37","slug":"750ml-bottiglia-di-vetro-olio-gaiole-4","status":"publish","type":"product","link":"https:\/\/supermatic.ch\/it\/produkte\/flaschen\/spirituosenflaschen\/350ml-glasflasche-andrea\/","title":{"rendered":"Bottiglia di vetro da 350 ml ANDREA"},"content":{"rendered":"<p>Vetro trasparente<br \/>\nAltezza: 262,2 mm<br \/>\nDiametro: 62 mm<br \/>\narea di etichettatura massima: 121 mm<br \/>\nDiametro della filettatura interna:<br \/>\nPeso: 350 g<\/p>\n<p>Quantit\u00e0 per pallet: 2331 pezzi.<br \/>\nAltezza del pallet: 206 cm<\/p>\n<p>Disponibilit\u00e0 su richiesta<\/p>","protected":false},"excerpt":{"rendered":"<p>Klarglas H\u00f6he: 262.2mm Durchmesser: 62mm max. Etikettierfl\u00e4che: 121mm Gewindeinnendurchmesser: Gewicht: 350g Menge pro Palette: 2331St. Palettenh\u00f6he: [&hellip;]<\/p>\n","protected":false},"featured_media":4676,"comment_status":"open","ping_status":"closed","template":"","meta":[],"product_brand":[],"product_cat":[15,24,55,551],"product_tag":[457,383,384,460,456],"class_list":{"0":"post-4678","1":"product","2":"type-product","3":"status-publish","4":"has-post-thumbnail","6":"product_cat-flaschen","7":"product_cat-lebensmittel","8":"product_cat-nachhaltig","9":"product_cat-spirituosenflaschen","10":"product_tag-fascetta","11":"product_tag-glas","12":"product_tag-klarglas","13":"product_tag-korkmuendung","14":"product_tag-spirituosen","15":"pa_farbe-transparent","16":"pa_form-rund","17":"pa_fuellmenge-148","18":"pa_gewinde-korkmuendung","19":"pa_material-glas","21":"first","22":"instock","23":"taxable","24":"shipping-taxable","25":"purchasable","26":"product-type-simple"},"_links":{"self":[{"href":"https:\/\/supermatic.ch\/it\/wp-json\/wp\/v2\/product\/4678","targetHints":{"allow":["GET"]}}],"collection":[{"href":"https:\/\/supermatic.ch\/it\/wp-json\/wp\/v2\/product"}],"about":[{"href":"https:\/\/supermatic.ch\/it\/wp-json\/wp\/v2\/types\/product"}],"replies":[{"embeddable":true,"href":"https:\/\/supermatic.ch\/it\/wp-json\/wp\/v2\/comments?post=4678"}],"wp:featuredmedia":[{"embeddable":true,"href":"https:\/\/supermatic.ch\/it\/wp-json\/wp\/v2\/media\/4676"}],"wp:attachment":[{"href":"https:\/\/supermatic.ch\/it\/wp-json\/wp\/v2\/media?parent=4678"}],"wp:term":[{"taxonomy":"product_brand","embeddable":true,"href":"https:\/\/supermatic.ch\/it\/wp-json\/wp\/v2\/product_brand?post=4678"},{"taxonomy":"product_cat","embeddable":true,"href":"https:\/\/supermatic.ch\/it\/wp-json\/wp\/v2\/product_cat?post=4678"},{"taxonomy":"product_tag","embeddable":true,"href":"https:\/\/supermatic.ch\/it\/wp-json\/wp\/v2\/product_tag?post=4678"}],"curies":[{"name":"wp","href":"https:\/\/api.w.org\/{rel}","templated":true}]}}