{"id":4688,"date":"2023-08-02T09:13:56","date_gmt":"2023-08-02T07:13:56","guid":{"rendered":"https:\/\/supermatic.ch\/?post_type=product&#038;p=4688"},"modified":"2024-10-03T12:00:36","modified_gmt":"2024-10-03T10:00:36","slug":"750ml-bottiglia-di-vetro-olio-gaiole-9","status":"publish","type":"product","link":"https:\/\/supermatic.ch\/it\/produkte\/flaschen\/spirituosenflaschen\/500ml-glasflasche-antica-farmacia\/","title":{"rendered":"Bottiglia di vetro da 500ml ANTICA FARMACIA"},"content":{"rendered":"<p>Vetro trasparente<br \/>\nAltezza: 162 mm<br \/>\nDiametro: 80,5 mm<br \/>\nDiametro della filettatura interna:<br \/>\nPeso: 350 g<\/p>\n<p>Quantit\u00e0 per pallet: 960 pezzi.<br \/>\nAltezza del pallet: 115 cm<\/p>\n<p>Disponibilit\u00e0 su richiesta<\/p>","protected":false},"excerpt":{"rendered":"<p>Klarglas H\u00f6he: 162mm Durchmesser: 80.5mm Gewindeinnendurchmesser: Gewicht: 350g Menge pro Palette: 960St. Palettenh\u00f6he: 115cm Verf\u00fcgbarkeit auf [&hellip;]<\/p>\n","protected":false},"featured_media":4575,"comment_status":"open","ping_status":"closed","template":"","meta":[],"product_brand":[],"product_cat":[15,24,55,551],"product_tag":[305,455,383,384,460,469,456],"class_list":{"0":"post-4688","1":"product","2":"type-product","3":"status-publish","4":"has-post-thumbnail","6":"product_cat-flaschen","7":"product_cat-lebensmittel","8":"product_cat-nachhaltig","9":"product_cat-spirituosenflaschen","10":"product_tag-500ml","11":"product_tag-50cl","12":"product_tag-glas","13":"product_tag-klarglas","14":"product_tag-korkmuendung","15":"product_tag-parfuem","16":"product_tag-spirituosen","17":"pa_farbe-transparent","18":"pa_form-rund","19":"pa_form-zylindrisch","20":"pa_fuellmenge-58","21":"pa_gewinde-parfuem","22":"pa_material-glas","24":"first","25":"instock","26":"taxable","27":"shipping-taxable","28":"purchasable","29":"product-type-simple"},"_links":{"self":[{"href":"https:\/\/supermatic.ch\/it\/wp-json\/wp\/v2\/product\/4688","targetHints":{"allow":["GET"]}}],"collection":[{"href":"https:\/\/supermatic.ch\/it\/wp-json\/wp\/v2\/product"}],"about":[{"href":"https:\/\/supermatic.ch\/it\/wp-json\/wp\/v2\/types\/product"}],"replies":[{"embeddable":true,"href":"https:\/\/supermatic.ch\/it\/wp-json\/wp\/v2\/comments?post=4688"}],"wp:featuredmedia":[{"embeddable":true,"href":"https:\/\/supermatic.ch\/it\/wp-json\/wp\/v2\/media\/4575"}],"wp:attachment":[{"href":"https:\/\/supermatic.ch\/it\/wp-json\/wp\/v2\/media?parent=4688"}],"wp:term":[{"taxonomy":"product_brand","embeddable":true,"href":"https:\/\/supermatic.ch\/it\/wp-json\/wp\/v2\/product_brand?post=4688"},{"taxonomy":"product_cat","embeddable":true,"href":"https:\/\/supermatic.ch\/it\/wp-json\/wp\/v2\/product_cat?post=4688"},{"taxonomy":"product_tag","embeddable":true,"href":"https:\/\/supermatic.ch\/it\/wp-json\/wp\/v2\/product_tag?post=4688"}],"curies":[{"name":"wp","href":"https:\/\/api.w.org\/{rel}","templated":true}]}}