{"id":5384,"date":"2023-09-25T11:46:52","date_gmt":"2023-09-25T09:46:52","guid":{"rendered":"https:\/\/supermatic.ch\/?post_type=product&#038;p=5384"},"modified":"2024-10-03T12:00:51","modified_gmt":"2024-10-03T10:00:51","slug":"dispenser-black-thread-24-410-411","status":"publish","type":"product","link":"https:\/\/supermatic.ch\/it\/produkte\/verschluesse\/dispenser-und-pumpen\/dispenser-schwarz-28-410\/","title":{"rendered":"Dispenser nero, 28\/410"},"content":{"rendered":"<p>Dispenser nero<br \/>\nDistributore di sapone con superficie scanalata verticalmente,<br \/>\nLunghezza originale del tubo montante 246 mm<br \/>\n(pu\u00f2 anche essere tagliato all'altezza della bottiglia)<br \/>\nProduzione di circa 1,2 ml\/corsa<\/p>\n<p>Idoneit\u00e0 come pompa dosatrice\/lozione, per creme corpo, shampoo, alta viscosit\u00e0<\/p>","protected":false},"excerpt":{"rendered":"<p>Dispenser schwarz Seifenspender Oberfl\u00e4che senkrecht gerillt, Steigrohr Originall\u00e4nge 246mm (kann auch auf Flaschenh\u00f6he abgel\u00e4ngt werden) Ausbringung [&hellip;]<\/p>\n","protected":false},"featured_media":5389,"comment_status":"open","ping_status":"closed","template":"","meta":[],"product_brand":[],"product_cat":[26,301,25,23],"product_tag":[309,375],"class_list":{"0":"post-5384","1":"product","2":"type-product","3":"status-publish","4":"has-post-thumbnail","6":"product_cat-chemikalien","7":"product_cat-dispenser-und-pumpen","8":"product_cat-kosmetik","9":"product_cat-verschluesse","10":"product_tag-dispenser","11":"product_tag-seifenpumpe","12":"product_shipping_class-3-5-tage-lieferzeit","13":"pa_farbe-schwarz","14":"pa_gewinde-28-410","16":"first","17":"instock","18":"taxable","19":"shipping-taxable","20":"purchasable","21":"product-type-variable"},"_links":{"self":[{"href":"https:\/\/supermatic.ch\/it\/wp-json\/wp\/v2\/product\/5384","targetHints":{"allow":["GET"]}}],"collection":[{"href":"https:\/\/supermatic.ch\/it\/wp-json\/wp\/v2\/product"}],"about":[{"href":"https:\/\/supermatic.ch\/it\/wp-json\/wp\/v2\/types\/product"}],"replies":[{"embeddable":true,"href":"https:\/\/supermatic.ch\/it\/wp-json\/wp\/v2\/comments?post=5384"}],"wp:featuredmedia":[{"embeddable":true,"href":"https:\/\/supermatic.ch\/it\/wp-json\/wp\/v2\/media\/5389"}],"wp:attachment":[{"href":"https:\/\/supermatic.ch\/it\/wp-json\/wp\/v2\/media?parent=5384"}],"wp:term":[{"taxonomy":"product_brand","embeddable":true,"href":"https:\/\/supermatic.ch\/it\/wp-json\/wp\/v2\/product_brand?post=5384"},{"taxonomy":"product_cat","embeddable":true,"href":"https:\/\/supermatic.ch\/it\/wp-json\/wp\/v2\/product_cat?post=5384"},{"taxonomy":"product_tag","embeddable":true,"href":"https:\/\/supermatic.ch\/it\/wp-json\/wp\/v2\/product_tag?post=5384"}],"curies":[{"name":"wp","href":"https:\/\/api.w.org\/{rel}","templated":true}]}}