{"id":559,"date":"2022-10-03T18:36:10","date_gmt":"2022-10-03T16:36:10","guid":{"rendered":"https:\/\/supermatic.ch\/produkt\/spritzeinsatz\/"},"modified":"2024-10-03T12:10:34","modified_gmt":"2024-10-03T10:10:34","slug":"inserto-per-iniezione","status":"publish","type":"product","link":"https:\/\/supermatic.ch\/it\/produkte\/chemikalien\/spritzeinsatz\/","title":{"rendered":"Inserto per spruzzatore 28\/410"},"content":{"rendered":"<p>Inserto di spruzzatura 28\/410: dosaggio preciso grazie all'inserto di spruzzatura LD-PE di alta qualit\u00e0. Pu\u00f2 essere utilizzato, ad esempio, per detergenti, olio o salse.<\/p>\n<p><strong>Dettagli:<\/strong><\/p>\n<ul>\n<li>Materiale: LD-PE,<\/li>\n<li>Diametro del foro: circa 3 mm<\/li>\n<li>Compatibilit\u00e0: progettato per bottiglie con filettatura M28\/410.<\/li>\n<\/ul>","protected":false},"excerpt":{"rendered":"<p>Spritzeinsatz 28\/410: Pr\u00e4zise Dosierung dank hochwertigem LD-PE Spritzeinsatz. Kann Beispielsweise f\u00fcr Reinigungsmittel, \u00d6l oder Sossen verwendet [&hellip;]<\/p>\n","protected":false},"featured_media":3493,"comment_status":"open","ping_status":"closed","template":"","meta":[],"product_brand":[],"product_cat":[26,25,23],"product_tag":[],"class_list":{"0":"post-559","1":"product","2":"type-product","3":"status-publish","4":"has-post-thumbnail","6":"product_cat-chemikalien","7":"product_cat-kosmetik","8":"product_cat-verschluesse","9":"product_shipping_class-1-3-tage-lieferzeit","10":"pa_farbe-farblos","11":"pa_gewinde-28-410","12":"pa_material-ld-pe","14":"first","15":"instock","16":"taxable","17":"shipping-taxable","18":"purchasable","19":"product-type-variable"},"_links":{"self":[{"href":"https:\/\/supermatic.ch\/it\/wp-json\/wp\/v2\/product\/559","targetHints":{"allow":["GET"]}}],"collection":[{"href":"https:\/\/supermatic.ch\/it\/wp-json\/wp\/v2\/product"}],"about":[{"href":"https:\/\/supermatic.ch\/it\/wp-json\/wp\/v2\/types\/product"}],"replies":[{"embeddable":true,"href":"https:\/\/supermatic.ch\/it\/wp-json\/wp\/v2\/comments?post=559"}],"wp:featuredmedia":[{"embeddable":true,"href":"https:\/\/supermatic.ch\/it\/wp-json\/wp\/v2\/media\/3493"}],"wp:attachment":[{"href":"https:\/\/supermatic.ch\/it\/wp-json\/wp\/v2\/media?parent=559"}],"wp:term":[{"taxonomy":"product_brand","embeddable":true,"href":"https:\/\/supermatic.ch\/it\/wp-json\/wp\/v2\/product_brand?post=559"},{"taxonomy":"product_cat","embeddable":true,"href":"https:\/\/supermatic.ch\/it\/wp-json\/wp\/v2\/product_cat?post=559"},{"taxonomy":"product_tag","embeddable":true,"href":"https:\/\/supermatic.ch\/it\/wp-json\/wp\/v2\/product_tag?post=559"}],"curies":[{"name":"wp","href":"https:\/\/api.w.org\/{rel}","templated":true}]}}