{"id":5602,"date":"2023-12-21T14:34:08","date_gmt":"2023-12-21T12:34:08","guid":{"rendered":"https:\/\/supermatic.ch\/?post_type=product&#038;p=5602"},"modified":"2024-10-03T11:56:03","modified_gmt":"2024-10-03T09:56:03","slug":"500ml-bottiglia-bevanda-per-animali-domestici-con-impugnatura-rientro-2","status":"publish","type":"product","link":"https:\/\/supermatic.ch\/it\/produkte\/flaschen\/500ml-pet-rundflasche-mit-rillen\/","title":{"rendered":"Bottiglia rotonda in PET da 500 ml con scanalature"},"content":{"rendered":"<p>La bottiglia per bevande in PET con scanalature di rinforzo orizzontali garantisce una buona stabilit\u00e0. La bottiglia da 500 ml pesa 28 g e ha una filettatura PCO 1810. Realizzata in PET, la bottiglia \u00e8 trasparente\/incolore e ben si adatta agli alimenti.<\/p>\n<p>PET trasparente<br \/>\nDiametro: 67 mm<br \/>\nAltezza: 200 mm<br \/>\nAltezza massima di etichettatura: 60 mm<\/p>\n<p>1 pallet da 1989 pezzi.<\/p>\n<p>altre quantit\u00e0 su richiesta<\/p>","protected":false},"excerpt":{"rendered":"<p>PET-Getr\u00e4nkeflasche mit waagrechten Verst\u00e4rkungsrillen garantiert eine gute Stabilit\u00e4t. Die 500-ml-Flasche ist 28 g leicht und hat [&hellip;]<\/p>\n","protected":false},"featured_media":5613,"comment_status":"open","ping_status":"closed","template":"","meta":[],"product_brand":[],"product_cat":[15,24],"product_tag":[305,326,80,320,321,314,319,347,318,313,343,315,316,317],"class_list":{"0":"post-5602","1":"product","2":"type-product","3":"status-publish","4":"has-post-thumbnail","6":"product_cat-flaschen","7":"product_cat-lebensmittel","8":"product_tag-500ml","9":"product_tag-eistee","10":"product_tag-flasche","11":"product_tag-fruchtsaft","12":"product_tag-fruchtsaftflasche","13":"product_tag-getraenkeflasche","14":"product_tag-griffmulde","15":"product_tag-kunststoffflasche","16":"product_tag-pco1810","17":"product_tag-pet","18":"product_tag-rundflasche","19":"product_tag-salatsauce","20":"product_tag-salatsosse","21":"product_tag-transparent","22":"product_shipping_class-1-3-tage-lieferzeit","23":"pa_farbe-transparent","24":"pa_form-rund","25":"pa_fuellmenge-58","26":"pa_gewinde-28mm-pco1810","27":"pa_material-pet","29":"first","30":"instock","31":"taxable","32":"shipping-taxable","33":"purchasable","34":"product-type-variable"},"_links":{"self":[{"href":"https:\/\/supermatic.ch\/it\/wp-json\/wp\/v2\/product\/5602","targetHints":{"allow":["GET"]}}],"collection":[{"href":"https:\/\/supermatic.ch\/it\/wp-json\/wp\/v2\/product"}],"about":[{"href":"https:\/\/supermatic.ch\/it\/wp-json\/wp\/v2\/types\/product"}],"replies":[{"embeddable":true,"href":"https:\/\/supermatic.ch\/it\/wp-json\/wp\/v2\/comments?post=5602"}],"wp:featuredmedia":[{"embeddable":true,"href":"https:\/\/supermatic.ch\/it\/wp-json\/wp\/v2\/media\/5613"}],"wp:attachment":[{"href":"https:\/\/supermatic.ch\/it\/wp-json\/wp\/v2\/media?parent=5602"}],"wp:term":[{"taxonomy":"product_brand","embeddable":true,"href":"https:\/\/supermatic.ch\/it\/wp-json\/wp\/v2\/product_brand?post=5602"},{"taxonomy":"product_cat","embeddable":true,"href":"https:\/\/supermatic.ch\/it\/wp-json\/wp\/v2\/product_cat?post=5602"},{"taxonomy":"product_tag","embeddable":true,"href":"https:\/\/supermatic.ch\/it\/wp-json\/wp\/v2\/product_tag?post=5602"}],"curies":[{"name":"wp","href":"https:\/\/api.w.org\/{rel}","templated":true}]}}