{"id":5608,"date":"2023-12-21T14:47:13","date_gmt":"2023-12-21T12:47:13","guid":{"rendered":"https:\/\/supermatic.ch\/?post_type=product&#038;p=5608"},"modified":"2025-12-17T10:25:04","modified_gmt":"2025-12-17T08:25:04","slug":"500ml-bottiglia-bevanda-per-animali-domestici-con-impugnatura-rientro-3","status":"publish","type":"product","link":"https:\/\/supermatic.ch\/it\/produkte\/flaschen\/1000ml-pet-rundflasche-mit-rillen\/","title":{"rendered":"Bottiglia rotonda in PET da 1000 ml con scanalature"},"content":{"rendered":"<p>La bottiglia per bevande in PET con scanalature di rinforzo orizzontali garantisce una buona stabilit\u00e0. La bottiglia da 1000 ml pesa 32 g e ha una filettatura PCO 1810. Realizzata in PET, la bottiglia \u00e8 trasparente\/incolore e ben si adatta agli alimenti.<\/p>\n<p>PET trasparente<br \/>\nDiametro: 83,4 mm<br \/>\nAltezza: 249 mm<br \/>\nAltezza massima di etichettatura: 93 mm<\/p>\n<p>1 pallet di 945 pezzi.<\/p>\n<p>Quantit\u00e0 minima ordinabile e disponibilit\u00e0 su richiesta<\/p>","protected":false},"excerpt":{"rendered":"<p>PET-Getr\u00e4nkeflasche mit waagrechten Verst\u00e4rkungsrillen garantiert eine gute Stabilit\u00e4t. Die 1000-ml-Flasche ist 32 g leicht und hat [&hellip;]<\/p>\n","protected":false},"featured_media":7017,"comment_status":"open","ping_status":"closed","template":"","meta":[],"product_brand":[],"product_cat":[15,24],"product_tag":[80,320,321,314,319,347,318,313,343,315,316,317],"class_list":{"0":"post-5608","1":"product","2":"type-product","3":"status-publish","4":"has-post-thumbnail","6":"product_cat-flaschen","7":"product_cat-lebensmittel","8":"product_tag-flasche","9":"product_tag-fruchtsaft","10":"product_tag-fruchtsaftflasche","11":"product_tag-getraenkeflasche","12":"product_tag-griffmulde","13":"product_tag-kunststoffflasche","14":"product_tag-pco1810","15":"product_tag-pet","16":"product_tag-rundflasche","17":"product_tag-salatsauce","18":"product_tag-salatsosse","19":"product_tag-transparent","20":"product_shipping_class-1-3-tage-lieferzeit","21":"pa_farbe-transparent","22":"pa_form-rund","23":"pa_fuellmenge-91","24":"pa_gewinde-28mm-pco1810","25":"pa_material-pet","27":"first","28":"outofstock","29":"taxable","30":"shipping-taxable","31":"product-type-variable"},"_links":{"self":[{"href":"https:\/\/supermatic.ch\/it\/wp-json\/wp\/v2\/product\/5608","targetHints":{"allow":["GET"]}}],"collection":[{"href":"https:\/\/supermatic.ch\/it\/wp-json\/wp\/v2\/product"}],"about":[{"href":"https:\/\/supermatic.ch\/it\/wp-json\/wp\/v2\/types\/product"}],"replies":[{"embeddable":true,"href":"https:\/\/supermatic.ch\/it\/wp-json\/wp\/v2\/comments?post=5608"}],"wp:featuredmedia":[{"embeddable":true,"href":"https:\/\/supermatic.ch\/it\/wp-json\/wp\/v2\/media\/7017"}],"wp:attachment":[{"href":"https:\/\/supermatic.ch\/it\/wp-json\/wp\/v2\/media?parent=5608"}],"wp:term":[{"taxonomy":"product_brand","embeddable":true,"href":"https:\/\/supermatic.ch\/it\/wp-json\/wp\/v2\/product_brand?post=5608"},{"taxonomy":"product_cat","embeddable":true,"href":"https:\/\/supermatic.ch\/it\/wp-json\/wp\/v2\/product_cat?post=5608"},{"taxonomy":"product_tag","embeddable":true,"href":"https:\/\/supermatic.ch\/it\/wp-json\/wp\/v2\/product_tag?post=5608"}],"curies":[{"name":"wp","href":"https:\/\/api.w.org\/{rel}","templated":true}]}}