{"id":5830,"date":"2024-02-22T09:37:52","date_gmt":"2024-02-22T07:37:52","guid":{"rendered":"https:\/\/supermatic.ch\/?post_type=product&#038;p=5830"},"modified":"2026-05-06T08:35:00","modified_gmt":"2026-05-06T06:35:00","slug":"200ml-rundflasche-natur-24-410","status":"publish","type":"product","link":"https:\/\/supermatic.ch\/it\/produkte\/flaschen\/200ml-rundflasche-natur-24-410\/","title":{"rendered":"Bottiglia rotonda da 200 ml naturale, 24\/410"},"content":{"rendered":"<p>in HD-PE naturale<br \/>\nDiametro: 50 mm<br \/>\nAltezza: 138,4 mm<br \/>\nPeso: 19 g<br \/>\nVolume del camper: 220 ml<br \/>\nAltezza di stampa: 100 mm<\/p>\n<p>1 scatola da 440 pezzi.<br \/>\n1 pallet di 5280 pezzi.<\/p>\n<p>Prezzi su richiesta<\/p>","protected":false},"excerpt":{"rendered":"<p>aus HD-PE natur Durchmesser: 50mm H\u00f6he: 138.4mm Gewicht: 19g RV-Volumen: 220ml Druckh\u00f6he: 100mm 1 Karton \u00e0 [&hellip;]<\/p>\n","protected":false},"featured_media":7157,"comment_status":"open","ping_status":"closed","template":"","meta":[],"product_brand":[],"product_cat":[15,26,25],"product_tag":[604,338,80,335,378,331,330,343,317],"class_list":{"0":"post-5830","1":"product","2":"type-product","3":"status-publish","4":"has-post-thumbnail","6":"product_cat-flaschen","7":"product_cat-chemikalien","8":"product_cat-kosmetik","9":"product_tag-24-410","10":"product_tag-chemie","11":"product_tag-flasche","12":"product_tag-hd-pe","13":"product_tag-kosmetik","14":"product_tag-reinigungsflasche","15":"product_tag-reinigungsmittel","16":"product_tag-rundflasche","17":"product_tag-transparent","18":"product_shipping_class-3-5-tage-lieferzeit","19":"pa_farbe-farblos","20":"pa_form-rund","21":"pa_form-zylindrisch","22":"pa_fuellmenge-47","23":"pa_gewinde-24-410","24":"pa_material-hd-pe","26":"first","27":"instock","28":"taxable","29":"shipping-taxable","30":"purchasable","31":"product-type-variable"},"_links":{"self":[{"href":"https:\/\/supermatic.ch\/it\/wp-json\/wp\/v2\/product\/5830","targetHints":{"allow":["GET"]}}],"collection":[{"href":"https:\/\/supermatic.ch\/it\/wp-json\/wp\/v2\/product"}],"about":[{"href":"https:\/\/supermatic.ch\/it\/wp-json\/wp\/v2\/types\/product"}],"replies":[{"embeddable":true,"href":"https:\/\/supermatic.ch\/it\/wp-json\/wp\/v2\/comments?post=5830"}],"wp:featuredmedia":[{"embeddable":true,"href":"https:\/\/supermatic.ch\/it\/wp-json\/wp\/v2\/media\/7157"}],"wp:attachment":[{"href":"https:\/\/supermatic.ch\/it\/wp-json\/wp\/v2\/media?parent=5830"}],"wp:term":[{"taxonomy":"product_brand","embeddable":true,"href":"https:\/\/supermatic.ch\/it\/wp-json\/wp\/v2\/product_brand?post=5830"},{"taxonomy":"product_cat","embeddable":true,"href":"https:\/\/supermatic.ch\/it\/wp-json\/wp\/v2\/product_cat?post=5830"},{"taxonomy":"product_tag","embeddable":true,"href":"https:\/\/supermatic.ch\/it\/wp-json\/wp\/v2\/product_tag?post=5830"}],"curies":[{"name":"wp","href":"https:\/\/api.w.org\/{rel}","templated":true}]}}