{"id":588,"date":"2022-10-03T18:36:16","date_gmt":"2022-10-03T16:36:16","guid":{"rendered":"https:\/\/supermatic.ch\/produkt\/1000ml-rundflasche-natur\/"},"modified":"2025-10-24T13:07:01","modified_gmt":"2025-10-24T11:07:01","slug":"1000ml-bottiglia-rotonda-natura","status":"publish","type":"product","link":"https:\/\/supermatic.ch\/it\/produkte\/flaschen\/1000ml-rundflasche-natur\/","title":{"rendered":"Bottiglia rotonda da 1000 ml naturale, 28\/400"},"content":{"rendered":"<p>La bottiglia rotonda da 1000 ml \u00e8 realizzata in polietilene ad alta densit\u00e0 (HD-PE), una plastica resistente, flessibile e robusta. Questo modello \u00e8 ideale per detergenti per la casa, prodotti chimici, shampoo o altri prodotti liquidi.<\/p>\n<p>Propriet\u00e0:<\/p>\n<ul>\n<li>Materiale: HD-PE<\/li>\n<li>Volume: 1000ml<\/li>\n<li>Diametro: 85 mm<\/li>\n<li>Altezza: 227 mm<\/li>\n<li>Thread: 28\/400<\/li>\n<li>Nota: non compatibile con l'irroratore OpUs a causa della spalla piatta.<\/li>\n<\/ul>","protected":false},"excerpt":{"rendered":"<p>Die 1000ml Rundflasche ist aus hochdichtem Polyethylen (HD-PE) gefertigt, einem widerstandsf\u00e4higen Kunststoff, der sowohl flexibel als [&hellip;]<\/p>\n","protected":false},"featured_media":3846,"comment_status":"open","ping_status":"closed","template":"","meta":[],"product_brand":[],"product_cat":[15,26,25],"product_tag":[338,336,309,80,335,347,334,331,330,343,311,342],"class_list":{"0":"post-588","1":"product","2":"type-product","3":"status-publish","4":"has-post-thumbnail","6":"product_cat-flaschen","7":"product_cat-chemikalien","8":"product_cat-kosmetik","9":"product_tag-chemie","10":"product_tag-desinfektionsmittel","11":"product_tag-dispenser","12":"product_tag-flasche","13":"product_tag-hd-pe","14":"product_tag-kunststoffflasche","15":"product_tag-natur","16":"product_tag-reinigungsflasche","17":"product_tag-reinigungsmittel","18":"product_tag-rundflasche","19":"product_tag-seife","20":"product_tag-spender","21":"product_shipping_class-1-3-tage-lieferzeit","22":"pa_farbe-farblos","23":"pa_form-rund","24":"pa_form-zylindrisch","25":"pa_fuellmenge-91","26":"pa_gewinde-28-400","27":"pa_material-hd-pe","29":"first","30":"instock","31":"taxable","32":"shipping-taxable","33":"purchasable","34":"product-type-variable"},"_links":{"self":[{"href":"https:\/\/supermatic.ch\/it\/wp-json\/wp\/v2\/product\/588","targetHints":{"allow":["GET"]}}],"collection":[{"href":"https:\/\/supermatic.ch\/it\/wp-json\/wp\/v2\/product"}],"about":[{"href":"https:\/\/supermatic.ch\/it\/wp-json\/wp\/v2\/types\/product"}],"replies":[{"embeddable":true,"href":"https:\/\/supermatic.ch\/it\/wp-json\/wp\/v2\/comments?post=588"}],"wp:featuredmedia":[{"embeddable":true,"href":"https:\/\/supermatic.ch\/it\/wp-json\/wp\/v2\/media\/3846"}],"wp:attachment":[{"href":"https:\/\/supermatic.ch\/it\/wp-json\/wp\/v2\/media?parent=588"}],"wp:term":[{"taxonomy":"product_brand","embeddable":true,"href":"https:\/\/supermatic.ch\/it\/wp-json\/wp\/v2\/product_brand?post=588"},{"taxonomy":"product_cat","embeddable":true,"href":"https:\/\/supermatic.ch\/it\/wp-json\/wp\/v2\/product_cat?post=588"},{"taxonomy":"product_tag","embeddable":true,"href":"https:\/\/supermatic.ch\/it\/wp-json\/wp\/v2\/product_tag?post=588"}],"curies":[{"name":"wp","href":"https:\/\/api.w.org\/{rel}","templated":true}]}}