{"id":614,"date":"2022-10-03T18:36:23","date_gmt":"2022-10-03T16:36:23","guid":{"rendered":"https:\/\/supermatic.ch\/produkt\/50ml-rundflasche-weiss\/"},"modified":"2026-03-09T09:31:51","modified_gmt":"2026-03-09T07:31:51","slug":"flacone-rotondo-da-50-ml-bianco","status":"publish","type":"product","link":"https:\/\/supermatic.ch\/it\/produkte\/flaschen\/50ml-rundflasche-weiss\/","title":{"rendered":"Flacone atomizzatore da 50 ml bianco, 20\/410"},"content":{"rendered":"<p>Il flacone atomizzatore da 50 ml in bianco con filettatura 20\/410 \u00e8 ideale per una variet\u00e0 di applicazioni. Insieme a un meccanismo di nebulizzazione, pu\u00f2 essere utilizzata, ad esempio, per campioni di profumo, disinfettanti, spray rinfrescanti per il viso, formati da viaggio di prodotti per la cura dei capelli o anche spray culinari in cucina.<\/p>\n<ul>\n<li>Massa:\n<ul>\n<li>Altezza: 86 mm<\/li>\n<li>Diametro: 35 mm<\/li>\n<\/ul>\n<\/li>\n<\/ul>","protected":false},"excerpt":{"rendered":"<p>Die 50ml Zerst\u00e4uberflasche in Weiss mit einem 20\/410 Gewinde eignet sich hervorragend f\u00fcr eine Vielzahl von [&hellip;]<\/p>\n","protected":false},"featured_media":3713,"comment_status":"open","ping_status":"closed","template":"","meta":[],"product_brand":[],"product_cat":[15,26,25],"product_tag":[],"class_list":{"0":"post-614","1":"product","2":"type-product","3":"status-publish","4":"has-post-thumbnail","6":"product_cat-flaschen","7":"product_cat-chemikalien","8":"product_cat-kosmetik","9":"product_shipping_class-3-5-tage-lieferzeit","10":"pa_farbe-weiss","11":"pa_form-rund","12":"pa_fuellmenge-43","13":"pa_gewinde-20-410","14":"pa_material-hd-pe","16":"first","17":"instock","18":"taxable","19":"shipping-taxable","20":"purchasable","21":"product-type-variable"},"_links":{"self":[{"href":"https:\/\/supermatic.ch\/it\/wp-json\/wp\/v2\/product\/614","targetHints":{"allow":["GET"]}}],"collection":[{"href":"https:\/\/supermatic.ch\/it\/wp-json\/wp\/v2\/product"}],"about":[{"href":"https:\/\/supermatic.ch\/it\/wp-json\/wp\/v2\/types\/product"}],"replies":[{"embeddable":true,"href":"https:\/\/supermatic.ch\/it\/wp-json\/wp\/v2\/comments?post=614"}],"wp:featuredmedia":[{"embeddable":true,"href":"https:\/\/supermatic.ch\/it\/wp-json\/wp\/v2\/media\/3713"}],"wp:attachment":[{"href":"https:\/\/supermatic.ch\/it\/wp-json\/wp\/v2\/media?parent=614"}],"wp:term":[{"taxonomy":"product_brand","embeddable":true,"href":"https:\/\/supermatic.ch\/it\/wp-json\/wp\/v2\/product_brand?post=614"},{"taxonomy":"product_cat","embeddable":true,"href":"https:\/\/supermatic.ch\/it\/wp-json\/wp\/v2\/product_cat?post=614"},{"taxonomy":"product_tag","embeddable":true,"href":"https:\/\/supermatic.ch\/it\/wp-json\/wp\/v2\/product_tag?post=614"}],"curies":[{"name":"wp","href":"https:\/\/api.w.org\/{rel}","templated":true}]}}