{"id":621,"date":"2022-10-03T18:36:29","date_gmt":"2022-10-03T16:36:29","guid":{"rendered":"https:\/\/supermatic.ch\/produkt\/50ml-rundflasche-natur\/"},"modified":"2026-03-09T09:33:47","modified_gmt":"2026-03-09T07:33:47","slug":"bottiglia-rotonda-da-50-ml-natura","status":"publish","type":"product","link":"https:\/\/supermatic.ch\/it\/produkte\/flaschen\/50ml-rundflasche-natur\/","title":{"rendered":"Flacone nebulizzatore da 50 ml naturale, 20\/410"},"content":{"rendered":"<p>Il flacone per atomizzatori da 50 ml, dal design naturale, \u00e8 ideale per le chiusure degli atomizzatori e viene utilizzato in molte applicazioni. Con una filettatura di 20\/410, si adatta a un'ampia gamma di atomizzatori e chiusure.<\/p>\n<ul>\n<li>Materiale: Colori naturali<\/li>\n<li>Thread: 20\/410<\/li>\n<li>Massa:\n<ul>\n<li>Altezza: 86 mm<\/li>\n<li>Diametro: 35 mm<\/li>\n<\/ul>\n<\/li>\n<\/ul>","protected":false},"excerpt":{"rendered":"<p>Die 50ml Zerst\u00e4uberflasche in naturfarbenem Design eignet sich ideal f\u00fcr Zerst\u00e4uberverschl\u00fcsse und findet in vielen Anwendungen [&hellip;]<\/p>\n","protected":false},"featured_media":3723,"comment_status":"open","ping_status":"closed","template":"","meta":[],"product_brand":[],"product_cat":[15,26,25],"product_tag":[],"class_list":{"0":"post-621","1":"product","2":"type-product","3":"status-publish","4":"has-post-thumbnail","6":"product_cat-flaschen","7":"product_cat-chemikalien","8":"product_cat-kosmetik","9":"pa_farbe-farblos","10":"pa_form-rund","11":"pa_fuellmenge-43","12":"pa_gewinde-20-410","13":"pa_material-hd-pe","15":"first","16":"instock","17":"taxable","18":"shipping-taxable","19":"purchasable","20":"product-type-variable"},"_links":{"self":[{"href":"https:\/\/supermatic.ch\/it\/wp-json\/wp\/v2\/product\/621","targetHints":{"allow":["GET"]}}],"collection":[{"href":"https:\/\/supermatic.ch\/it\/wp-json\/wp\/v2\/product"}],"about":[{"href":"https:\/\/supermatic.ch\/it\/wp-json\/wp\/v2\/types\/product"}],"replies":[{"embeddable":true,"href":"https:\/\/supermatic.ch\/it\/wp-json\/wp\/v2\/comments?post=621"}],"wp:featuredmedia":[{"embeddable":true,"href":"https:\/\/supermatic.ch\/it\/wp-json\/wp\/v2\/media\/3723"}],"wp:attachment":[{"href":"https:\/\/supermatic.ch\/it\/wp-json\/wp\/v2\/media?parent=621"}],"wp:term":[{"taxonomy":"product_brand","embeddable":true,"href":"https:\/\/supermatic.ch\/it\/wp-json\/wp\/v2\/product_brand?post=621"},{"taxonomy":"product_cat","embeddable":true,"href":"https:\/\/supermatic.ch\/it\/wp-json\/wp\/v2\/product_cat?post=621"},{"taxonomy":"product_tag","embeddable":true,"href":"https:\/\/supermatic.ch\/it\/wp-json\/wp\/v2\/product_tag?post=621"}],"curies":[{"name":"wp","href":"https:\/\/api.w.org\/{rel}","templated":true}]}}