{"id":6302,"date":"2024-10-29T15:06:37","date_gmt":"2024-10-29T13:06:37","guid":{"rendered":"https:\/\/supermatic.ch\/?post_type=product&#038;p=6302"},"modified":"2024-10-29T15:17:22","modified_gmt":"2024-10-29T13:17:22","slug":"flacone-dosatore-250ml-in-pe-naturale-hd-con-tappo-nero","status":"publish","type":"product","link":"https:\/\/supermatic.ch\/it\/produkte\/chemikalien\/dosierflasche-250ml-aus-hd-pe-natur-mit-schwarzem-verschluss\/","title":{"rendered":"Flacone dosatore da 250 ml in HD-PE naturale, con tappo nero"},"content":{"rendered":"<h5><strong>Flacone dosatore 250ml<\/strong><\/h5>\n<p>Questo tipo di flacone di dosaggio \u00e8 disponibile con capacit\u00e0 di 250, 500 e 1000 ml. Il dosaggio viene effettuato con il sistema a 2 camere, che consente la misurazione (graduazione a 20, 40 e 60 ml). Come standard, offriamo queste bottiglie di dosaggio in combinazione con un tappo di dosaggio nero con un anello di garanzia. <\/p>\n<p>I flaconi rettangolari offrono buona stabilit\u00e0, stabilit\u00e0, conservazione e facilit\u00e0 di etichettatura e manipolazione.<\/p>\n<p>-Dimensioni: 82x56x164mm<br \/>\n-Peso 37 g<br \/>\n-Con tappo dosatore nero<br \/>\n-Marcatori di dosaggio per 20, 40 e 60 ml<br \/>\n-Con triangolo di pericolo tattile<\/p>\n<p>1 pallet con 2460 pezzi.<br \/>\nPallettizzati su strati\/vassoi<\/p>\n<p>Disponibilit\u00e0 su richiesta<\/p>\n<p>Tappi di dosaggio in colore rosso su richiesta<\/p>","protected":false},"excerpt":{"rendered":"<p>Dosierflasche 250ml Diesen Dosierflaschentyp gibt es mit 250-, 500- und 1000ml Inhalt. Die Dosierung erfolgt durch [&hellip;]<\/p>\n","protected":false},"featured_media":6286,"comment_status":"open","ping_status":"closed","template":"","meta":[],"product_brand":[],"product_cat":[26,15],"product_tag":[],"class_list":{"0":"post-6302","1":"product","2":"type-product","3":"status-publish","4":"has-post-thumbnail","6":"product_cat-chemikalien","7":"product_cat-flaschen","8":"product_shipping_class-3-5-tage-lieferzeit","9":"pa_farbe-farblos","10":"pa_form-eckig","11":"pa_fuellmenge-133","12":"pa_material-hd-pe","14":"first","15":"instock","16":"taxable","17":"shipping-taxable","18":"product-type-simple"},"_links":{"self":[{"href":"https:\/\/supermatic.ch\/it\/wp-json\/wp\/v2\/product\/6302","targetHints":{"allow":["GET"]}}],"collection":[{"href":"https:\/\/supermatic.ch\/it\/wp-json\/wp\/v2\/product"}],"about":[{"href":"https:\/\/supermatic.ch\/it\/wp-json\/wp\/v2\/types\/product"}],"replies":[{"embeddable":true,"href":"https:\/\/supermatic.ch\/it\/wp-json\/wp\/v2\/comments?post=6302"}],"wp:featuredmedia":[{"embeddable":true,"href":"https:\/\/supermatic.ch\/it\/wp-json\/wp\/v2\/media\/6286"}],"wp:attachment":[{"href":"https:\/\/supermatic.ch\/it\/wp-json\/wp\/v2\/media?parent=6302"}],"wp:term":[{"taxonomy":"product_brand","embeddable":true,"href":"https:\/\/supermatic.ch\/it\/wp-json\/wp\/v2\/product_brand?post=6302"},{"taxonomy":"product_cat","embeddable":true,"href":"https:\/\/supermatic.ch\/it\/wp-json\/wp\/v2\/product_cat?post=6302"},{"taxonomy":"product_tag","embeddable":true,"href":"https:\/\/supermatic.ch\/it\/wp-json\/wp\/v2\/product_tag?post=6302"}],"curies":[{"name":"wp","href":"https:\/\/api.w.org\/{rel}","templated":true}]}}