{"id":6498,"date":"2025-03-12T14:57:56","date_gmt":"2025-03-12T12:57:56","guid":{"rendered":"https:\/\/supermatic.ch\/?post_type=product&#038;p=6498"},"modified":"2025-05-20T15:02:49","modified_gmt":"2025-05-20T13:02:49","slug":"tanica-da-25-litri-impilabile-con-tappo-nero","status":"publish","type":"product","link":"https:\/\/supermatic.ch\/it\/produkte\/kanister\/25-liter-kanister-stapelbar-mit-verschluss-schwarz\/","title":{"rendered":"Tanica da 25 litri impilabile con tappo 70 mm nero"},"content":{"rendered":"<h5>Tanica impilabile da 25 litri con chiusura<\/h5>\n<p>Questa tanica impilabile da 25 litri \u00e8 approvata dall'ONU e adatta alla conservazione degli alimenti. Realizzata in plastica resistente e sicura per gli alimenti, la tanica offre un'opzione di conservazione sicura e robusta. Lo svuotamento dei residui \u00e8 semplice e accurato e, grazie al design impilabile, la tanica pu\u00f2 essere conservata in modo da risparmiare spazio. Questa tanica da 25 litri \u00e8 fornita con un tappo a vite VS70 nero con anello di garanzia per una maggiore sicurezza.<\/p>\n<p>-Testato dall'ONU (Y)<br \/>\n-Area di etichettatura 200 x 200 mm<br \/>\n-Impilabile<br \/>\n-Adatto agli alimenti<br \/>\n-Drenaggio residuo<br \/>\n-Con chiusura VS70 nera<\/p>\n<p>Dimensione<br \/>\n290x260x438 mm<\/p>","protected":false},"excerpt":{"rendered":"<p>25 Liter Stapel-Kanister mit Verschluss Dieser stapelbare 25 Liter Kanister ist UN-zugelassen und f\u00fcr die Lagerung [&hellip;]<\/p>\n","protected":false},"featured_media":6669,"comment_status":"open","ping_status":"closed","template":"","meta":[],"product_brand":[],"product_cat":[18,26,25,24],"product_tag":[],"class_list":{"0":"post-6498","1":"product","2":"type-product","3":"status-publish","4":"has-post-thumbnail","6":"product_cat-kanister","7":"product_cat-chemikalien","8":"product_cat-kosmetik","9":"product_cat-lebensmittel","10":"product_shipping_class-3-5-tage-lieferzeit","11":"pa_farbe-farblos","12":"pa_form-eckig","13":"pa_fuellmenge-174","14":"pa_gewinde-vs70","15":"pa_material-hd-pe","17":"first","18":"instock","19":"taxable","20":"shipping-taxable","21":"purchasable","22":"product-type-variable"},"_links":{"self":[{"href":"https:\/\/supermatic.ch\/it\/wp-json\/wp\/v2\/product\/6498","targetHints":{"allow":["GET"]}}],"collection":[{"href":"https:\/\/supermatic.ch\/it\/wp-json\/wp\/v2\/product"}],"about":[{"href":"https:\/\/supermatic.ch\/it\/wp-json\/wp\/v2\/types\/product"}],"replies":[{"embeddable":true,"href":"https:\/\/supermatic.ch\/it\/wp-json\/wp\/v2\/comments?post=6498"}],"wp:featuredmedia":[{"embeddable":true,"href":"https:\/\/supermatic.ch\/it\/wp-json\/wp\/v2\/media\/6669"}],"wp:attachment":[{"href":"https:\/\/supermatic.ch\/it\/wp-json\/wp\/v2\/media?parent=6498"}],"wp:term":[{"taxonomy":"product_brand","embeddable":true,"href":"https:\/\/supermatic.ch\/it\/wp-json\/wp\/v2\/product_brand?post=6498"},{"taxonomy":"product_cat","embeddable":true,"href":"https:\/\/supermatic.ch\/it\/wp-json\/wp\/v2\/product_cat?post=6498"},{"taxonomy":"product_tag","embeddable":true,"href":"https:\/\/supermatic.ch\/it\/wp-json\/wp\/v2\/product_tag?post=6498"}],"curies":[{"name":"wp","href":"https:\/\/api.w.org\/{rel}","templated":true}]}}