{"id":6590,"date":"2025-04-30T10:50:03","date_gmt":"2025-04-30T08:50:03","guid":{"rendered":"https:\/\/supermatic.ch\/?post_type=product&#038;p=6590"},"modified":"2025-04-30T10:51:05","modified_gmt":"2025-04-30T08:51:05","slug":"lattine-in-alluminio-con-tappo-a-vite-bianco","status":"publish","type":"product","link":"https:\/\/supermatic.ch\/it\/produkte\/chemikalien\/aluminium-schraubdeckeldosen-weiss\/","title":{"rendered":"Barattoli a vite in alluminio bianco"},"content":{"rendered":"<p>Dimensioni disponibili su richiesta<\/p>\n<p>Disponibilit\u00e0 e tempi di consegna su richiesta<\/p>\n<p>Taglie 140 e 200 ml disponibili su richiesta con inserto in PP bianco<\/p>","protected":false},"excerpt":{"rendered":"<p>Lieferbare Gr\u00f6ssen auf Anfrage Verf\u00fcgbarkeit und Lieferzeit auf Anfrage Gr\u00f6ssen 140- und 200ml auf Anfrage mit [&hellip;]<\/p>\n","protected":false},"featured_media":6588,"comment_status":"open","ping_status":"closed","template":"","meta":[],"product_brand":[],"product_cat":[26,19,25,55],"product_tag":[430,442,378,577,607],"class_list":{"0":"post-6590","1":"product","2":"type-product","3":"status-publish","4":"has-post-thumbnail","6":"product_cat-chemikalien","7":"product_cat-dosen","8":"product_cat-kosmetik","9":"product_cat-nachhaltig","10":"product_tag-aluminium","11":"product_tag-dose","12":"product_tag-kosmetik","13":"product_tag-salben","14":"product_tag-schraubdeckeldose","15":"pa_farbe-weiss","16":"pa_form-rund","17":"pa_fuellmenge-87","18":"pa_fuellmenge-606","19":"pa_fuellmenge-579","20":"pa_fuellmenge-44","21":"pa_fuellmenge-231","22":"pa_fuellmenge-47","23":"pa_fuellmenge-133","24":"pa_fuellmenge-43","25":"pa_fuellmenge-578","26":"pa_material-aluminium","28":"first","29":"instock","30":"taxable","31":"shipping-taxable","32":"product-type-simple"},"_links":{"self":[{"href":"https:\/\/supermatic.ch\/it\/wp-json\/wp\/v2\/product\/6590","targetHints":{"allow":["GET"]}}],"collection":[{"href":"https:\/\/supermatic.ch\/it\/wp-json\/wp\/v2\/product"}],"about":[{"href":"https:\/\/supermatic.ch\/it\/wp-json\/wp\/v2\/types\/product"}],"replies":[{"embeddable":true,"href":"https:\/\/supermatic.ch\/it\/wp-json\/wp\/v2\/comments?post=6590"}],"wp:featuredmedia":[{"embeddable":true,"href":"https:\/\/supermatic.ch\/it\/wp-json\/wp\/v2\/media\/6588"}],"wp:attachment":[{"href":"https:\/\/supermatic.ch\/it\/wp-json\/wp\/v2\/media?parent=6590"}],"wp:term":[{"taxonomy":"product_brand","embeddable":true,"href":"https:\/\/supermatic.ch\/it\/wp-json\/wp\/v2\/product_brand?post=6590"},{"taxonomy":"product_cat","embeddable":true,"href":"https:\/\/supermatic.ch\/it\/wp-json\/wp\/v2\/product_cat?post=6590"},{"taxonomy":"product_tag","embeddable":true,"href":"https:\/\/supermatic.ch\/it\/wp-json\/wp\/v2\/product_tag?post=6590"}],"curies":[{"name":"wp","href":"https:\/\/api.w.org\/{rel}","templated":true}]}}