{"id":6646,"date":"2025-05-15T13:31:03","date_gmt":"2025-05-15T11:31:03","guid":{"rendered":"https:\/\/supermatic.ch\/?post_type=product&#038;p=6646"},"modified":"2026-05-05T08:51:13","modified_gmt":"2026-05-05T06:51:13","slug":"tanica-da-5-litri-impilabile-con-tappo-con-beccuccio-estraibile-180g","status":"publish","type":"product","link":"https:\/\/supermatic.ch\/it\/produkte\/kanister\/5-liter-kanister-stapelbar-mit-verschluss-mit-ausziehtuelle-180g\/","title":{"rendered":"Tanica da 5 litri Impilabile con tappo a vite DIN45 con beccuccio estraibile, 180g"},"content":{"rendered":"<h5><strong>Tanica impilabile da 5 litri con tappo a vite DIN45 con beccuccio estraibile<\/strong><\/h5>\n<p>Questa tanica impilabile da 5 litri, realizzata in plastica alimentare, garantisce sicurezza e facilit\u00e0 d'uso. Grazie al tappo a vite DIN45 bianco con beccuccio estraibile, \u00e8 facile da svuotare e consente un efficace svuotamento dei residui. La sua impilabilit\u00e0 garantisce un facile stoccaggio e trasporto. Questa tanica da 5 litri \u00e8 adatta al contatto con gli alimenti.<\/p>\n<p>-Dimensioni: 193x145x251mm<br \/>\n-Area di etichettatura 145x130 mm<br \/>\n-Peso 180 g<br \/>\n-Bombola UN Y Test<br \/>\n-Impilabile<br \/>\n-Adatto agli alimenti,<br \/>\n-Drenaggio residuo<br \/>\n-Con tappo a vite DIN45 bianco con beccuccio estraibile<br \/>\n-Marcature a 1, 2, 3, 4 + 5lt<\/p>\n<p>1 scatola da 24 pezzi.<br \/>\nin pallet su strati\/vassoi<\/p>\n<p>VARIANTE: senza triangolo di pericolo<\/p>","protected":false},"excerpt":{"rendered":"<p>5-Liter Stapelkanister mit DIN45 Schraubverschluss mit Auszieht\u00fclle Dieser stapelbare 5 Liter Kanister, gefertigt aus lebensmittelechtem Kunststoff, [&hellip;]<\/p>\n","protected":false},"featured_media":6641,"comment_status":"open","ping_status":"closed","template":"","meta":[],"product_brand":[],"product_cat":[18,26,25,24],"product_tag":[],"class_list":{"0":"post-6646","1":"product","2":"type-product","3":"status-publish","4":"has-post-thumbnail","6":"product_cat-kanister","7":"product_cat-chemikalien","8":"product_cat-kosmetik","9":"product_cat-lebensmittel","10":"product_shipping_class-3-5-tage-lieferzeit","11":"pa_farbe-farblos","12":"pa_form-eckig","13":"pa_fuellmenge-132","14":"pa_gewinde-m45","15":"pa_material-hd-pe","17":"first","18":"instock","19":"taxable","20":"shipping-taxable","21":"purchasable","22":"product-type-variable"},"_links":{"self":[{"href":"https:\/\/supermatic.ch\/it\/wp-json\/wp\/v2\/product\/6646","targetHints":{"allow":["GET"]}}],"collection":[{"href":"https:\/\/supermatic.ch\/it\/wp-json\/wp\/v2\/product"}],"about":[{"href":"https:\/\/supermatic.ch\/it\/wp-json\/wp\/v2\/types\/product"}],"replies":[{"embeddable":true,"href":"https:\/\/supermatic.ch\/it\/wp-json\/wp\/v2\/comments?post=6646"}],"wp:featuredmedia":[{"embeddable":true,"href":"https:\/\/supermatic.ch\/it\/wp-json\/wp\/v2\/media\/6641"}],"wp:attachment":[{"href":"https:\/\/supermatic.ch\/it\/wp-json\/wp\/v2\/media?parent=6646"}],"wp:term":[{"taxonomy":"product_brand","embeddable":true,"href":"https:\/\/supermatic.ch\/it\/wp-json\/wp\/v2\/product_brand?post=6646"},{"taxonomy":"product_cat","embeddable":true,"href":"https:\/\/supermatic.ch\/it\/wp-json\/wp\/v2\/product_cat?post=6646"},{"taxonomy":"product_tag","embeddable":true,"href":"https:\/\/supermatic.ch\/it\/wp-json\/wp\/v2\/product_tag?post=6646"}],"curies":[{"name":"wp","href":"https:\/\/api.w.org\/{rel}","templated":true}]}}