{"id":6705,"date":"2025-06-19T13:58:18","date_gmt":"2025-06-19T11:58:18","guid":{"rendered":"https:\/\/supermatic.ch\/?post_type=product&#038;p=6705"},"modified":"2025-06-19T14:34:29","modified_gmt":"2025-06-19T12:34:29","slug":"bottiglia-rotonda-da-250-ml-felbag-hd-pe-24-410","status":"publish","type":"product","link":"https:\/\/supermatic.ch\/it\/produkte\/flaschen\/250ml-rundflasche-felbag-hd-pe-24-410\/","title":{"rendered":"Flacone rettangolare da 250 ml Felbag HD-PE, 24\/410"},"content":{"rendered":"<p>Il flacone Felbag rettangolare da 250 ml \u00e8 realizzato in HD-PE. Oltre alla colorazione personalizzata, questo tipo di bottiglia pu\u00f2 essere anche marmorizzata, il che conferisce alle bottiglie un aspetto sofisticato e le fa risaltare. Varianti, quantit\u00e0 e prezzi su richiesta.<\/p>\n<p>Propriet\u00e0:<\/p>\n<ul>\n<li>Materiale: HD-PE<\/li>\n<li>Volume: 250 ml<\/li>\n<li>Larghezza: 68 mm<\/li>\n<li>Lunghezza: 37 mm<\/li>\n<li>Altezza: 141 mm<\/li>\n<li>Thread: 24\/410<\/li>\n<\/ul>","protected":false},"excerpt":{"rendered":"<p>Die 250ml Rechteckflasche Felbag ist aus HD-PE gefertigt. Neben einer kundenspezifischen Einf\u00e4rbung ist bei diesem Flaschentyp [&hellip;]<\/p>\n","protected":false},"featured_media":6703,"comment_status":"open","ping_status":"closed","template":"","meta":[],"product_brand":[],"product_cat":[15,26,25],"product_tag":[309,80,335,378,424,347,609,611,343,311,342,610],"class_list":{"0":"post-6705","1":"product","2":"type-product","3":"status-publish","4":"has-post-thumbnail","6":"product_cat-flaschen","7":"product_cat-chemikalien","8":"product_cat-kosmetik","9":"product_tag-dispenser","10":"product_tag-flasche","11":"product_tag-hd-pe","12":"product_tag-kosmetik","13":"product_tag-kosmetikflasche","14":"product_tag-kunststoffflasche","15":"product_tag-marmor","16":"product_tag-marmorierung","17":"product_tag-rundflasche","18":"product_tag-seife","19":"product_tag-spender","20":"product_tag-steinoptik","21":"product_shipping_class-1-3-tage-lieferzeit","22":"pa_farbe-farblos","23":"pa_farbe-marmoriert","24":"pa_farbe-pink","25":"pa_farbe-schwarz","26":"pa_farbe-variabel","27":"pa_farbe-violett","28":"pa_farbe-weiss","29":"pa_form-eckig","30":"pa_fuellmenge-133","31":"pa_gewinde-24-410","32":"pa_material-hd-pe","34":"first","35":"instock","36":"taxable","37":"shipping-taxable","38":"product-type-simple"},"_links":{"self":[{"href":"https:\/\/supermatic.ch\/it\/wp-json\/wp\/v2\/product\/6705","targetHints":{"allow":["GET"]}}],"collection":[{"href":"https:\/\/supermatic.ch\/it\/wp-json\/wp\/v2\/product"}],"about":[{"href":"https:\/\/supermatic.ch\/it\/wp-json\/wp\/v2\/types\/product"}],"replies":[{"embeddable":true,"href":"https:\/\/supermatic.ch\/it\/wp-json\/wp\/v2\/comments?post=6705"}],"wp:featuredmedia":[{"embeddable":true,"href":"https:\/\/supermatic.ch\/it\/wp-json\/wp\/v2\/media\/6703"}],"wp:attachment":[{"href":"https:\/\/supermatic.ch\/it\/wp-json\/wp\/v2\/media?parent=6705"}],"wp:term":[{"taxonomy":"product_brand","embeddable":true,"href":"https:\/\/supermatic.ch\/it\/wp-json\/wp\/v2\/product_brand?post=6705"},{"taxonomy":"product_cat","embeddable":true,"href":"https:\/\/supermatic.ch\/it\/wp-json\/wp\/v2\/product_cat?post=6705"},{"taxonomy":"product_tag","embeddable":true,"href":"https:\/\/supermatic.ch\/it\/wp-json\/wp\/v2\/product_tag?post=6705"}],"curies":[{"name":"wp","href":"https:\/\/api.w.org\/{rel}","templated":true}]}}