{"id":6779,"date":"2025-08-14T15:22:46","date_gmt":"2025-08-14T13:22:46","guid":{"rendered":"https:\/\/supermatic.ch\/?post_type=product&#038;p=6779"},"modified":"2025-08-14T21:42:54","modified_gmt":"2025-08-14T19:42:54","slug":"vasetto-da-50ml-luxan-pheadra-coperchio-bianco","status":"publish","type":"product","link":"https:\/\/supermatic.ch\/it\/produkte\/dosen\/50ml-tiegel-luxan-pheadra-deckel-weiss\/","title":{"rendered":"Vasetto da 50 ml Luxan Pheadra, coperchio bianco"},"content":{"rendered":"<p>Vasetto cosmetico a parete spessa<br \/>\nAltezza: 49,6 mm<br \/>\nDiametro del crogiolo: 65 mm<br \/>\ncon coperchio bianco<\/p>\n<p>Il Luxan Phaedra 50ml \u00e8 un elegante barattolo di plastica che assomiglia al vetro ma offre i vantaggi della plastica. Ideale per confezionare cosmetici, creme e altri prodotti di alta qualit\u00e0. Leggero e resistente, \u00e8 la scelta perfetta per valorizzare il vostro marchio senza compromettere la qualit\u00e0. <\/p>\n<p>I componenti bianchi sono in PP, il crogiolo trasparente in SAN o SMMA.<\/p>\n<p>Il coperchio del barattolo pu\u00f2 essere decorato con una striscia metallica di colore argento o oro.<\/p>\n<p>Quantit\u00e0, prezzi e disponibilit\u00e0 su richiesta.<\/p>","protected":false},"excerpt":{"rendered":"<p>dickwandiger Kosmetiktiegel H\u00f6he: 49.6mm Durchmesser Tiegel: 65mm mit weissem Deckel Der Luxan Phaedra 50ml ist ein [&hellip;]<\/p>\n","protected":false},"featured_media":6780,"comment_status":"open","ping_status":"closed","template":"","meta":[],"product_brand":[],"product_cat":[19,25],"product_tag":[616,442,378,615],"class_list":{"0":"post-6779","1":"product","2":"type-product","3":"status-publish","4":"has-post-thumbnail","6":"product_cat-dosen","7":"product_cat-kosmetik","8":"product_tag-creme","9":"product_tag-dose","10":"product_tag-kosmetik","11":"product_tag-tiegel","12":"product_shipping_class-5-8-tage-lieferzeit","13":"pa_farbe-transparent","14":"pa_farbe-weiss","15":"pa_form-rund","16":"pa_form-zylindrisch","17":"pa_fuellmenge-43","18":"pa_material-pp","19":"pa_material-san-smma","21":"first","22":"outofstock","23":"taxable","24":"shipping-taxable","25":"purchasable","26":"product-type-simple"},"_links":{"self":[{"href":"https:\/\/supermatic.ch\/it\/wp-json\/wp\/v2\/product\/6779","targetHints":{"allow":["GET"]}}],"collection":[{"href":"https:\/\/supermatic.ch\/it\/wp-json\/wp\/v2\/product"}],"about":[{"href":"https:\/\/supermatic.ch\/it\/wp-json\/wp\/v2\/types\/product"}],"replies":[{"embeddable":true,"href":"https:\/\/supermatic.ch\/it\/wp-json\/wp\/v2\/comments?post=6779"}],"wp:featuredmedia":[{"embeddable":true,"href":"https:\/\/supermatic.ch\/it\/wp-json\/wp\/v2\/media\/6780"}],"wp:attachment":[{"href":"https:\/\/supermatic.ch\/it\/wp-json\/wp\/v2\/media?parent=6779"}],"wp:term":[{"taxonomy":"product_brand","embeddable":true,"href":"https:\/\/supermatic.ch\/it\/wp-json\/wp\/v2\/product_brand?post=6779"},{"taxonomy":"product_cat","embeddable":true,"href":"https:\/\/supermatic.ch\/it\/wp-json\/wp\/v2\/product_cat?post=6779"},{"taxonomy":"product_tag","embeddable":true,"href":"https:\/\/supermatic.ch\/it\/wp-json\/wp\/v2\/product_tag?post=6779"}],"curies":[{"name":"wp","href":"https:\/\/api.w.org\/{rel}","templated":true}]}}