{"id":7076,"date":"2026-01-19T12:12:30","date_gmt":"2026-01-19T10:12:30","guid":{"rendered":"https:\/\/supermatic.ch\/?post_type=product&#038;p=7076"},"modified":"2026-05-05T08:38:22","modified_gmt":"2026-05-05T06:38:22","slug":"tanica-da-5-litri-impilabile-bianca-con-tappo-din45-nero-230g","status":"publish","type":"product","link":"https:\/\/supermatic.ch\/it\/produkte\/kanister\/5-liter-kanister-stapelbar-weiss-mit-verschluss-din45-schwarz-230g\/","title":{"rendered":"Tanica da 5 litri bianca impilabile con tappo DIN45 nero, 230g"},"content":{"rendered":"<h5><strong>Tanica impilabile da 5 litri con chiusura M45, approvata UN<\/strong><\/h5>\n<p>Questa tanica bianca da 5 litri, impilabile e realizzata in plastica alimentare e approvata dall'ONU, garantisce sicurezza e facilit\u00e0 d'uso. Grazie alla chiusura nera del coperchio M45, pu\u00f2 essere svuotata facilmente e consente di eliminare efficacemente i residui. La sua impilabilit\u00e0 assicura un facile stoccaggio e trasporto. Questa tanica da 5 litri \u00e8 adatta al contatto con gli alimenti.<\/p>\n<p>-Colore: bianco<br \/>\n-Dimensioni: 193x145x251mm<br \/>\n-Area di etichettatura 145x130 mm<br \/>\n-Peso 230 g<br \/>\n-Test Y UN<br \/>\n-Impilabile<br \/>\n-Adatto agli alimenti,<br \/>\n-Drenaggio residuo<br \/>\n-Con fissaggio nero M45<br \/>\n-Marcature a 1, 2, 3, 4 + 5lt<\/p>\n<p>Pallettizzati su strati\/vassoi<\/p>\n<p>VARIANTE: con triangolo di pericolo<\/p>\n<p>Altri colori del coperchio su richiesta<\/p>\n<p>Disponibilit\u00e0 circa 2 settimane<\/p>","protected":false},"excerpt":{"rendered":"<p>5-Liter Stapelkanister mit M45 Verschluss, UN-zugelassen Dieser stapelbare, weisse 5 Liter Kanister, gefertigt aus lebensmittelechtem und [&hellip;]<\/p>\n","protected":false},"featured_media":2775,"comment_status":"open","ping_status":"closed","template":"","meta":[],"product_brand":[],"product_cat":[18,26,25,24],"product_tag":[],"class_list":{"0":"post-7076","1":"product","2":"type-product","3":"status-publish","4":"has-post-thumbnail","6":"product_cat-kanister","7":"product_cat-chemikalien","8":"product_cat-kosmetik","9":"product_cat-lebensmittel","10":"product_shipping_class-3-5-tage-lieferzeit","11":"pa_farbe-weiss","12":"pa_form-eckig","13":"pa_fuellmenge-132","14":"pa_gewinde-m45","15":"pa_material-hd-pe","17":"first","18":"instock","19":"taxable","20":"shipping-taxable","21":"purchasable","22":"product-type-variable"},"_links":{"self":[{"href":"https:\/\/supermatic.ch\/it\/wp-json\/wp\/v2\/product\/7076","targetHints":{"allow":["GET"]}}],"collection":[{"href":"https:\/\/supermatic.ch\/it\/wp-json\/wp\/v2\/product"}],"about":[{"href":"https:\/\/supermatic.ch\/it\/wp-json\/wp\/v2\/types\/product"}],"replies":[{"embeddable":true,"href":"https:\/\/supermatic.ch\/it\/wp-json\/wp\/v2\/comments?post=7076"}],"wp:featuredmedia":[{"embeddable":true,"href":"https:\/\/supermatic.ch\/it\/wp-json\/wp\/v2\/media\/2775"}],"wp:attachment":[{"href":"https:\/\/supermatic.ch\/it\/wp-json\/wp\/v2\/media?parent=7076"}],"wp:term":[{"taxonomy":"product_brand","embeddable":true,"href":"https:\/\/supermatic.ch\/it\/wp-json\/wp\/v2\/product_brand?post=7076"},{"taxonomy":"product_cat","embeddable":true,"href":"https:\/\/supermatic.ch\/it\/wp-json\/wp\/v2\/product_cat?post=7076"},{"taxonomy":"product_tag","embeddable":true,"href":"https:\/\/supermatic.ch\/it\/wp-json\/wp\/v2\/product_tag?post=7076"}],"curies":[{"name":"wp","href":"https:\/\/api.w.org\/{rel}","templated":true}]}}